{"id":1082,"date":"2018-01-05T19:02:59","date_gmt":"2018-01-05T18:02:59","guid":{"rendered":"http:\/\/farmvix.eu\/?page_id=1082"},"modified":"2025-05-23T10:42:46","modified_gmt":"2025-05-23T08:42:46","slug":"huba-brzozowa-2-2-2-2-2-2-3-2-2-3-2-2-2-2-2-2-2-2-2-2-2-2-2-2-2-2-2-2-2-2-2-2-2-2-2-2-2-2-2-3-2-2-2-4-2-2-2-2-2-3-2-2-2","status":"publish","type":"page","link":"https:\/\/farmvix.eu\/?page_id=1082","title":{"rendered":"\u017bel z boswelli\u0105 i MSM"},"content":{"rendered":"<div id=\"themify_builder_content-1082\" data-postid=\"1082\" class=\"themify_builder_content themify_builder_content-1082 themify_builder themify_builder_front\">\n\n\t\t\t\t<!-- module_row -->\n\t\t\t<div  data-gutter=\"gutter-default\" class=\"themify_builder_row themify_builder_1082_row module_row module_row_0 module_row_1082-0 clearfix gutter-default col_align_top wow fadeIn\" data-equal-column-height=\"\" data-column-alignment=\"col_align_top\">\n\n\t\t\n\t\t\t\t\n\t\t\t\t<div class=\"row_inner_wrapper\">\n\t\t\t\t\t<div class=\"row_inner\">\n\n\t\t\t\t\t\t\n\t\t\t\t\t\t\n\t\t\t\t\t\t\t\n\t\t<div  class=\"col-full first tb-column  tb_1082_column module_column_0 module_column_1082-0-0 module_column\" >\n\n\t\t\t\n\t\t\t\n\t\t\t<div class=\"tb-column-inner\">\n\n\t\t\t\t\n\t\t\t\t\n\t\t\t\t\t\n<!-- module text -->\n<div id=\"text-1082-0-0-1\" class=\"module module-text text-1082-0-0-1    hide-mobile\">\n\t\n\t\n\t<div style=\"text-align: center;\"><\/div>\n\t<\/div>\n<!-- \/module text -->\n\n<!-- module text -->\n<div id=\"text-1082-0-0-2\" class=\"module module-text text-1082-0-0-2   wow fadeIn\">\n\t\n\t\n\t<p><strong>\u017bel z Boswelli\u0105 i MSM<\/strong>\u00a0\u00a0to wyj\u0105tkowy aktywny \u017cel rozlu\u017aniaj\u0105cy.<\/p><p>Dzi\u0119ki obecno\u015bci czynnej substancji pochodz\u0105cej z \u017cywicy drzewa \u201eBoswellia Socotrana\u201d i MSM przynosi ulg\u0119 w tak zwanych \u201ezm\u0119czonych ko\u0144czynach\u201d r\u0105k i n\u00f3g. Preparat przeznaczony jest dla os\u00f3b aktywnych fizycznie. Szczeg\u00f3lnie polecany dla os\u00f3b starszych.<\/p><p><b><strong>INGREDIENTS<\/strong>:<\/b> Aqua purificata, Glycerin, Polysorbate 80, Propylenglykol, Carbomer, Boswelia Socotrana, MSM, Methylchloroisothiazolinone, Methylisothiazolinone, Benzyl alcohol, Sodium hydroxide.<\/p><p><strong>Spos\u00f3b u\u017cycia:<\/strong>\u00a0\u017cel wciera\u0107 \u00a0od 2 do 3 razy\u00a0dziennie.<\/p><p><strong>UWAGA:\u00a0<\/strong>Preparat do u\u017cytku zewn\u0119trznego. Nie stosowa\u0107 w okolicach oczu, ust i nosa.<\/p><p><strong>POJEMNO\u015a\u0106: <\/strong>\u00a0350g<\/p>\n\t<\/div>\n<!-- \/module text -->\n\n\t\t\t\t\n\t\t\t<\/div><!-- \/.tb-column-inner -->\n\t\t\t\t\t<\/div>\n\t\t<!-- \/.tb-column -->\n\t\t\n\t\t\n\t\t\t\t\t\t\t\t\n\t\t\t\t\t\t\t\t\n\t\t\t\t\t\t\t\n\t\t\t\t\t\t<\/div>\n\t\t\t\t\t\t<!-- \/row_inner -->\n\t\t\t\t\t<\/div>\n\t\t\t\t\t<!-- \/row_inner_wrapper -->\n\t\t\t\t<\/div>\n\t\t\t\t<!-- \/module_row -->\n\t\t\t\t\t<!-- module_row -->\n\t\t\t<div  data-gutter=\"gutter-default\" class=\"themify_builder_row themify_builder_1082_row module_row module_row_1 module_row_1082-1 clearfix gutter-default col_align_middle\" data-equal-column-height=\"\" data-column-alignment=\"col_align_middle\">\n\n\t\t\n\t\t\t\t\n\t\t\t\t<div class=\"row_inner_wrapper\">\n\t\t\t\t\t<div class=\"row_inner\">\n\n\t\t\t\t\t\t\n\t\t\t\t\t\t\n\t\t\t\t\t\t\t\n\t\t<div  class=\"col3-1 first tb-column empty-column tb_1082_column module_column_0 module_column_1082-1-0 module_column\" >\n\n\t\t\t\n\t\t\t\n\t\t\t<div class=\"tb-column-inner\">\n\n\t\t\t\t\n\t\t\t\t\n\t\t\t\t\t&nbsp;\n\t\t\t\t\n\t\t\t<\/div><!-- \/.tb-column-inner -->\n\t\t\t\t\t<\/div>\n\t\t<!-- \/.tb-column -->\n\t\t\n\t\t\n\t\t<div  class=\"col3-1 middle tb-column  tb_1082_column module_column_1 module_column_1082-1-1 module_column\" >\n\n\t\t\t\n\t\t\t\n\t\t\t<div class=\"tb-column-inner\">\n\n\t\t\t\t\n\t\t\t\t\n\t\t\t\t\t\n\t<!-- module image -->\n\t<div id=\"image-1082-1-1-1\" class=\"module module-image image-1082-1-1-1   image-center  \">\n\n\t\t\n\t\t\n\t\t<div class=\"image-wrap\">\n\t\t\t\t\t\t\t\t\t\t\n\t\t\t\t\t\t<\/div>\n\t\t\t<!-- \/image-wrap -->\n\t\t\n\t\t\n\t\t\n\t\t<\/div>\n\t<!-- \/module image -->\n\n\n\t\t\t\t\n\t\t\t<\/div><!-- \/.tb-column-inner -->\n\t\t\t\t\t<\/div>\n\t\t<!-- \/.tb-column -->\n\t\t\n\t\t\n\t\t<div  class=\"col3-1 last tb-column  tb_1082_column module_column_2 module_column_1082-1-2 module_column\" >\n\n\t\t\t\n\t\t\t\n\t\t\t<div class=\"tb-column-inner\">\n\n\t\t\t\t\n\t\t\t\t\n\t\t\t\t\t\n\t<!-- module image -->\n\t<div id=\"image-1082-1-2-1\" class=\"module module-image image-1082-1-2-1   image-center  \">\n\n\t\t\n\t\t\n\t\t<div class=\"image-wrap\">\n\t\t\t\t\t\t\t<img decoding=\"async\" src=\"http:\/\/farmvix.eu\/wp-content\/uploads\/2020\/03\/\u017bel-z-bosweli\u0105-i-msm-350.png\" alt=\"\u017bel z boswelli\u0105 i MSM\" \/>\t\t\t\n\t\t\t\t\t\t<\/div>\n\t\t\t<!-- \/image-wrap -->\n\t\t\n\t\t\n\t\t\n\t\t<\/div>\n\t<!-- \/module image -->\n\n\n\t\t\t\t\n\t\t\t<\/div><!-- \/.tb-column-inner -->\n\t\t\t\t\t<\/div>\n\t\t<!-- \/.tb-column -->\n\t\t\n\t\t\n\t\t\t\t\t\t\t\t\n\t\t\t\t\t\t\t\t\n\t\t\t\t\t\t\t\n\t\t\t\t\t\t<\/div>\n\t\t\t\t\t\t<!-- \/row_inner -->\n\t\t\t\t\t<\/div>\n\t\t\t\t\t<!-- \/row_inner_wrapper -->\n\t\t\t\t<\/div>\n\t\t\t\t<!-- \/module_row -->\n\t\t\t\t\t<!-- module_row -->\n\t\t\t<div  data-gutter=\"gutter-default\" class=\"themify_builder_row themify_builder_1082_row module_row module_row_2 module_row_1082-2 clearfix gutter-default col_align_top\" data-equal-column-height=\"\" data-column-alignment=\"col_align_top\">\n\n\t\t\n\t\t\t\t\n\t\t\t\t<div class=\"row_inner_wrapper\">\n\t\t\t\t\t<div class=\"row_inner\">\n\n\t\t\t\t\t\t\n\t\t\t\t\t\t\n\t\t\t\t\t\t\t\n\t\t<div  class=\"col-full first tb-column  tb_1082_column module_column_0 module_column_1082-2-0 module_column\" >\n\n\t\t\t\n\t\t\t\n\t\t\t<div class=\"tb-column-inner\">\n\n\t\t\t\t\n\t\t\t\t\n\t\t\t\t\t\n\n    <!-- module menu -->\n    <div id=\"menu-1082-2-0-1\" class=\"module module-menu menu-1082-2-0-1  \">\n        \n        <div class=\"menu-oferta-container\"><ul id=\"menu-oferta\" class=\"ui nav fullwidth transparent  \"><li id=\"menu-item-238\" class=\"menu-item menu-item-type-post_type menu-item-object-page menu-item-home menu-item-238\"><a href=\"https:\/\/farmvix.eu\/\"><i class=\"fa fa-desktop\"><\/i> STRONA G\u0141\u00d3WNA<\/a><\/li>\n<li id=\"menu-item-655\" class=\"menu-item menu-item-type-post_type menu-item-object-page menu-item-655\"><a href=\"https:\/\/farmvix.eu\/?page_id=649\"><i class=\"fa fa-chevron-circle-right\"><\/i> MA\u015aCI<\/a><\/li>\n<li id=\"menu-item-906\" class=\"menu-item menu-item-type-post_type menu-item-object-page menu-item-906\"><a href=\"https:\/\/farmvix.eu\/?page_id=902\"><i class=\"fa fa-chevron-circle-right\"><\/i> \u017bELE<\/a><\/li>\n<li id=\"menu-item-236\" class=\"menu-item menu-item-type-post_type menu-item-object-page menu-item-236\"><a href=\"https:\/\/farmvix.eu\/?page_id=181\"><i class=\"fa fa-chevron-circle-right\"><\/i> KREMY<\/a><\/li>\n<li id=\"menu-item-233\" class=\"menu-item menu-item-type-post_type menu-item-object-page menu-item-233\"><a href=\"https:\/\/farmvix.eu\/?page_id=191\"><i class=\"fa fa-chevron-circle-right\"><\/i> SUPLEMENTY DIETY<\/a><\/li>\n<li id=\"menu-item-1300\" class=\"menu-item menu-item-type-custom menu-item-object-custom menu-item-1300\"><a href=\"https:\/\/gaja24.pl\/pl\/producer\/FARM-VIX\/267\">SKLEP<\/a><\/li>\n<\/ul><\/div>    <\/div>\n    <!-- \/module menu -->\n\n\n\t\t\t\t\n\t\t\t<\/div><!-- \/.tb-column-inner -->\n\t\t\t\t\t<\/div>\n\t\t<!-- \/.tb-column -->\n\t\t\n\t\t\n\t\t\t\t\t\t\t\t\n\t\t\t\t\t\t\t\t\n\t\t\t\t\t\t\t\n\t\t\t\t\t\t<\/div>\n\t\t\t\t\t\t<!-- \/row_inner -->\n\t\t\t\t\t<\/div>\n\t\t\t\t\t<!-- \/row_inner_wrapper -->\n\t\t\t\t<\/div>\n\t\t\t\t<!-- \/module_row -->\n\t\t<\/div>\n<!-- \/themify_builder_content -->","protected":false},"excerpt":{"rendered":"\n","protected":false},"author":1,"featured_media":0,"parent":191,"menu_order":0,"comment_status":"closed","ping_status":"closed","template":"","meta":{"footnotes":""},"class_list":["post-1082","page","type-page","status-publish","hentry","has-post-title","has-post-date","has-post-category","has-post-tag","has-post-comment","has-post-author"],"_links":{"self":[{"href":"https:\/\/farmvix.eu\/index.php?rest_route=\/wp\/v2\/pages\/1082","targetHints":{"allow":["GET"]}}],"collection":[{"href":"https:\/\/farmvix.eu\/index.php?rest_route=\/wp\/v2\/pages"}],"about":[{"href":"https:\/\/farmvix.eu\/index.php?rest_route=\/wp\/v2\/types\/page"}],"author":[{"embeddable":true,"href":"https:\/\/farmvix.eu\/index.php?rest_route=\/wp\/v2\/users\/1"}],"replies":[{"embeddable":true,"href":"https:\/\/farmvix.eu\/index.php?rest_route=%2Fwp%2Fv2%2Fcomments&post=1082"}],"version-history":[{"count":1,"href":"https:\/\/farmvix.eu\/index.php?rest_route=\/wp\/v2\/pages\/1082\/revisions"}],"predecessor-version":[{"id":3444,"href":"https:\/\/farmvix.eu\/index.php?rest_route=\/wp\/v2\/pages\/1082\/revisions\/3444"}],"up":[{"embeddable":true,"href":"https:\/\/farmvix.eu\/index.php?rest_route=\/wp\/v2\/pages\/191"}],"wp:attachment":[{"href":"https:\/\/farmvix.eu\/index.php?rest_route=%2Fwp%2Fv2%2Fmedia&parent=1082"}],"curies":[{"name":"wp","href":"https:\/\/api.w.org\/{rel}","templated":true}]}}