{"id":1112,"date":"2018-01-05T19:12:11","date_gmt":"2018-01-05T18:12:11","guid":{"rendered":"http:\/\/farmvix.eu\/?page_id=1112"},"modified":"2025-07-04T10:00:11","modified_gmt":"2025-07-04T08:00:11","slug":"huba-brzozowa-2-2-2-2-2-2-3-2-2-3-2-2-2-2-2-2-2-2-2-2-2-2-2-2-2-2-2-2-2-2-2-2-2-2-2-2-2-2-2-3-2-2-2-4-2-2-2-2-2-3-2-2-2-3-2-2-2-2-2-2","status":"publish","type":"page","link":"https:\/\/farmvix.eu\/?page_id=1112","title":{"rendered":"\u017bEL \u017bYWOKOSTOWY"},"content":{"rendered":"<div id=\"themify_builder_content-1112\" data-postid=\"1112\" class=\"themify_builder_content themify_builder_content-1112 themify_builder themify_builder_front\">\n\n\t\t\t\t<!-- module_row -->\n\t\t\t<div  data-gutter=\"gutter-default\" class=\"themify_builder_row themify_builder_1112_row module_row module_row_0 module_row_1112-0 clearfix gutter-default col_align_top wow fadeIn\" data-equal-column-height=\"\" data-column-alignment=\"col_align_top\">\n\n\t\t\n\t\t\t\t\n\t\t\t\t<div class=\"row_inner_wrapper\">\n\t\t\t\t\t<div class=\"row_inner\">\n\n\t\t\t\t\t\t\n\t\t\t\t\t\t\n\t\t\t\t\t\t\t\n\t\t<div  class=\"col-full first tb-column  tb_1112_column module_column_0 module_column_1112-0-0 module_column\" >\n\n\t\t\t\n\t\t\t\n\t\t\t<div class=\"tb-column-inner\">\n\n\t\t\t\t\n\t\t\t\t\n\t\t\t\t\t\n<!-- module text -->\n<div id=\"text-1112-0-0-1\" class=\"module module-text text-1112-0-0-1    hide-mobile\">\n\t\n\t\n\t<div style=\"text-align: center;\"><\/div>\n\t<\/div>\n<!-- \/module text -->\n\n<!-- module text -->\n<div id=\"text-1112-0-0-2\" class=\"module module-text text-1112-0-0-2   wow fadeIn\">\n\t\n\t\n\t<p><b>\u017bEL \u017bYWOKOSTOWY<\/b>\u00a0\u2013 przyjazny sk\u00f3rze \u017cel \u017cywokostowy, przynosi ulg\u0119 w stanach napi\u0119cia mi\u0119\u015bniowego. Mo\u017cna go stosowa\u0107 do masa\u017cu terapeutycznego oraz po wysi\u0142ku fizycznym. Posiada dzia\u0142anie relaksuj\u0105ce. \u017bel jest tak\u017ce stosowany do piel\u0119gnacji sk\u00f3ry podra\u017cnionej czynnikami zewn\u0119trznymi. Posiada dzia\u0142anie \u015bci\u0105gaj\u0105ce. Szczeg\u00f3lnie polecany w czasie rehabilitacji po z\u0142amaniach.<\/p><p><b><strong>INGREDIENTS<\/strong>:<\/b> aqua purificata, glycerin, carbomer, symphytum officinale, sodium hydroxide, phenoxyethanol, imidazolidinyl urea, eucalyptus globulus oil.<\/p><p><b>UWAGA !<\/b>\u00a0Produkt do u\u017cytku zewn\u0119trznego. Nie stosowa\u0107 w okolicach nosa, oczu i ust.<\/p><p><b>SPOS\u00d3B U\u017bYCIA\u00a0<\/b>\u2013 \u017bel wciera\u0107 2-3 razy dziennie.<\/p><p>Oryginalna receptura\u00a0<b>Medin Terra Brno<\/b><\/p><p><b>NATURALNE SK\u0141ADNIKI<\/b><\/p><p><b>POJEMNO\u015a\u0106: 150ml, 350g, 600g<\/b><\/p>\n\t<\/div>\n<!-- \/module text -->\n\n\t\t\t\t\n\t\t\t<\/div><!-- \/.tb-column-inner -->\n\t\t\t\t\t<\/div>\n\t\t<!-- \/.tb-column -->\n\t\t\n\t\t\n\t\t\t\t\t\t\t\t\n\t\t\t\t\t\t\t\t\n\t\t\t\t\t\t\t\n\t\t\t\t\t\t<\/div>\n\t\t\t\t\t\t<!-- \/row_inner -->\n\t\t\t\t\t<\/div>\n\t\t\t\t\t<!-- \/row_inner_wrapper -->\n\t\t\t\t<\/div>\n\t\t\t\t<!-- \/module_row -->\n\t\t\t\t\t<!-- module_row -->\n\t\t\t<div  data-gutter=\"gutter-default\" class=\"themify_builder_row themify_builder_1112_row module_row module_row_1 module_row_1112-1 clearfix gutter-default col_align_middle\" data-equal-column-height=\"\" data-column-alignment=\"col_align_middle\">\n\n\t\t\n\t\t\t\t\n\t\t\t\t<div class=\"row_inner_wrapper\">\n\t\t\t\t\t<div class=\"row_inner\">\n\n\t\t\t\t\t\t\n\t\t\t\t\t\t\n\t\t\t\t\t\t\t\n\t\t<div  class=\"col3-1 first tb-column  tb_1112_column module_column_0 module_column_1112-1-0 module_column\" >\n\n\t\t\t\n\t\t\t\n\t\t\t<div class=\"tb-column-inner\">\n\n\t\t\t\t\n\t\t\t\t\n\t\t\t\t\t\n\t<!-- module image -->\n\t<div id=\"image-1112-1-0-1\" class=\"module module-image image-1112-1-0-1   image-center  \">\n\n\t\t\n\t\t\n\t\t<div class=\"image-wrap\">\n\t\t\t\t\t\t\t<img decoding=\"async\" src=\"http:\/\/farmvix.eu\/wp-content\/uploads\/2020\/03\/\u017bywokostowy-\u017cel-150.png\" width=\"160\" alt=\"\u017bEL \u017bYWOKOSTOWY\" \/>\t\t\t\n\t\t\t\t\t\t<\/div>\n\t\t\t<!-- \/image-wrap -->\n\t\t\n\t\t\n\t\t\n\t\t<\/div>\n\t<!-- \/module image -->\n\n\n\t\t\t\t\n\t\t\t<\/div><!-- \/.tb-column-inner -->\n\t\t\t\t\t<\/div>\n\t\t<!-- \/.tb-column -->\n\t\t\n\t\t\n\t\t<div  class=\"col3-1 middle tb-column  tb_1112_column module_column_1 module_column_1112-1-1 module_column\" >\n\n\t\t\t\n\t\t\t\n\t\t\t<div class=\"tb-column-inner\">\n\n\t\t\t\t\n\t\t\t\t\n\t\t\t\t\t\n\t<!-- module image -->\n\t<div id=\"image-1112-1-1-1\" class=\"module module-image image-1112-1-1-1   image-center  \">\n\n\t\t\n\t\t\n\t\t<div class=\"image-wrap\">\n\t\t\t\t\t\t\t<img decoding=\"async\" src=\"http:\/\/farmvix.eu\/wp-content\/uploads\/2020\/03\/\u017bywokostowy-\u017cel-350.png\" width=\"180\" alt=\"\u017bEL \u017bYWOKOSTOWY\" \/>\t\t\t\n\t\t\t\t\t\t<\/div>\n\t\t\t<!-- \/image-wrap -->\n\t\t\n\t\t\n\t\t\n\t\t<\/div>\n\t<!-- \/module image -->\n\n\n\t\t\t\t\n\t\t\t<\/div><!-- \/.tb-column-inner -->\n\t\t\t\t\t<\/div>\n\t\t<!-- \/.tb-column -->\n\t\t\n\t\t\n\t\t<div  class=\"col3-1 last tb-column  tb_1112_column module_column_2 module_column_1112-1-2 module_column\" >\n\n\t\t\t\n\t\t\t\n\t\t\t<div class=\"tb-column-inner\">\n\n\t\t\t\t\n\t\t\t\t\n\t\t\t\t\t\n\t<!-- module image -->\n\t<div id=\"image-1112-1-2-1\" class=\"module module-image image-1112-1-2-1   image-center  \">\n\n\t\t\n\t\t\n\t\t<div class=\"image-wrap\">\n\t\t\t\t\t\t\t<img decoding=\"async\" src=\"https:\/\/farmvix.eu\/wp-content\/uploads\/2025\/07\/Zywokost-600-190x222.png\" width=\"190\" class=\" wp-image-3569\" title=\"\u017bywokost 600\" alt=\"\u017bEL \u017bYWOKOSTOWY\" srcset=\"https:\/\/farmvix.eu\/wp-content\/uploads\/2025\/07\/Zywokost-600-190x222.png 190w, https:\/\/farmvix.eu\/wp-content\/uploads\/2025\/07\/Zywokost-600-256x300.png 256w, https:\/\/farmvix.eu\/wp-content\/uploads\/2025\/07\/Zywokost-600.png 450w\" sizes=\"(max-width: 190px) 100vw, 190px\" \/>\t\t\t\n\t\t\t\t\t\t<\/div>\n\t\t\t<!-- \/image-wrap -->\n\t\t\n\t\t\n\t\t\n\t\t<\/div>\n\t<!-- \/module image -->\n\n\n\t\t\t\t\n\t\t\t<\/div><!-- \/.tb-column-inner -->\n\t\t\t\t\t<\/div>\n\t\t<!-- \/.tb-column -->\n\t\t\n\t\t\n\t\t\t\t\t\t\t\t\n\t\t\t\t\t\t\t\t\n\t\t\t\t\t\t\t\n\t\t\t\t\t\t<\/div>\n\t\t\t\t\t\t<!-- \/row_inner -->\n\t\t\t\t\t<\/div>\n\t\t\t\t\t<!-- \/row_inner_wrapper -->\n\t\t\t\t<\/div>\n\t\t\t\t<!-- \/module_row -->\n\t\t\t\t\t<!-- module_row -->\n\t\t\t<div  data-gutter=\"gutter-default\" class=\"themify_builder_row themify_builder_1112_row module_row module_row_2 module_row_1112-2 clearfix gutter-default col_align_top\" data-equal-column-height=\"\" data-column-alignment=\"col_align_top\">\n\n\t\t\n\t\t\t\t\n\t\t\t\t<div class=\"row_inner_wrapper\">\n\t\t\t\t\t<div class=\"row_inner\">\n\n\t\t\t\t\t\t\n\t\t\t\t\t\t\n\t\t\t\t\t\t\t\n\t\t<div  class=\"col-full first tb-column  tb_1112_column module_column_0 module_column_1112-2-0 module_column\" >\n\n\t\t\t\n\t\t\t\n\t\t\t<div class=\"tb-column-inner\">\n\n\t\t\t\t\n\t\t\t\t\n\t\t\t\t\t\n\n    <!-- module menu -->\n    <div id=\"menu-1112-2-0-1\" class=\"module module-menu menu-1112-2-0-1  \">\n        \n        <div class=\"menu-oferta-container\"><ul id=\"menu-oferta\" class=\"ui nav fullwidth transparent  \"><li id=\"menu-item-238\" class=\"menu-item menu-item-type-post_type menu-item-object-page menu-item-home menu-item-238\"><a href=\"https:\/\/farmvix.eu\/\"><i class=\"fa fa-desktop\"><\/i> STRONA G\u0141\u00d3WNA<\/a><\/li>\n<li id=\"menu-item-655\" class=\"menu-item menu-item-type-post_type menu-item-object-page menu-item-655\"><a href=\"https:\/\/farmvix.eu\/?page_id=649\"><i class=\"fa fa-chevron-circle-right\"><\/i> MA\u015aCI<\/a><\/li>\n<li id=\"menu-item-906\" class=\"menu-item menu-item-type-post_type menu-item-object-page menu-item-906\"><a href=\"https:\/\/farmvix.eu\/?page_id=902\"><i class=\"fa fa-chevron-circle-right\"><\/i> \u017bELE<\/a><\/li>\n<li id=\"menu-item-236\" class=\"menu-item menu-item-type-post_type menu-item-object-page menu-item-236\"><a href=\"https:\/\/farmvix.eu\/?page_id=181\"><i class=\"fa fa-chevron-circle-right\"><\/i> KREMY<\/a><\/li>\n<li id=\"menu-item-233\" class=\"menu-item menu-item-type-post_type menu-item-object-page menu-item-233\"><a href=\"https:\/\/farmvix.eu\/?page_id=191\"><i class=\"fa fa-chevron-circle-right\"><\/i> SUPLEMENTY DIETY<\/a><\/li>\n<li id=\"menu-item-1300\" class=\"menu-item menu-item-type-custom menu-item-object-custom menu-item-1300\"><a href=\"https:\/\/gaja24.pl\/pl\/producer\/FARM-VIX\/267\">SKLEP<\/a><\/li>\n<\/ul><\/div>    <\/div>\n    <!-- \/module menu -->\n\n\n\t\t\t\t\n\t\t\t<\/div><!-- \/.tb-column-inner -->\n\t\t\t\t\t<\/div>\n\t\t<!-- \/.tb-column -->\n\t\t\n\t\t\n\t\t\t\t\t\t\t\t\n\t\t\t\t\t\t\t\t\n\t\t\t\t\t\t\t\n\t\t\t\t\t\t<\/div>\n\t\t\t\t\t\t<!-- \/row_inner -->\n\t\t\t\t\t<\/div>\n\t\t\t\t\t<!-- \/row_inner_wrapper -->\n\t\t\t\t<\/div>\n\t\t\t\t<!-- \/module_row -->\n\t\t<\/div>\n<!-- \/themify_builder_content -->","protected":false},"excerpt":{"rendered":"\n","protected":false},"author":1,"featured_media":0,"parent":191,"menu_order":0,"comment_status":"closed","ping_status":"closed","template":"","meta":{"footnotes":""},"class_list":["post-1112","page","type-page","status-publish","hentry","has-post-title","has-post-date","has-post-category","has-post-tag","has-post-comment","has-post-author"],"_links":{"self":[{"href":"https:\/\/farmvix.eu\/index.php?rest_route=\/wp\/v2\/pages\/1112","targetHints":{"allow":["GET"]}}],"collection":[{"href":"https:\/\/farmvix.eu\/index.php?rest_route=\/wp\/v2\/pages"}],"about":[{"href":"https:\/\/farmvix.eu\/index.php?rest_route=\/wp\/v2\/types\/page"}],"author":[{"embeddable":true,"href":"https:\/\/farmvix.eu\/index.php?rest_route=\/wp\/v2\/users\/1"}],"replies":[{"embeddable":true,"href":"https:\/\/farmvix.eu\/index.php?rest_route=%2Fwp%2Fv2%2Fcomments&post=1112"}],"version-history":[{"count":2,"href":"https:\/\/farmvix.eu\/index.php?rest_route=\/wp\/v2\/pages\/1112\/revisions"}],"predecessor-version":[{"id":3570,"href":"https:\/\/farmvix.eu\/index.php?rest_route=\/wp\/v2\/pages\/1112\/revisions\/3570"}],"up":[{"embeddable":true,"href":"https:\/\/farmvix.eu\/index.php?rest_route=\/wp\/v2\/pages\/191"}],"wp:attachment":[{"href":"https:\/\/farmvix.eu\/index.php?rest_route=%2Fwp%2Fv2%2Fmedia&parent=1112"}],"curies":[{"name":"wp","href":"https:\/\/api.w.org\/{rel}","templated":true}]}}