{"id":1279,"date":"2018-01-17T01:24:13","date_gmt":"2018-01-17T00:24:13","guid":{"rendered":"http:\/\/farmvix.eu\/?page_id=1279"},"modified":"2023-03-17T11:40:00","modified_gmt":"2023-03-17T10:40:00","slug":"huba-brzozowa-2-2-2-2-2-2-3-2-2-4-2-2","status":"publish","type":"page","link":"https:\/\/farmvix.eu\/?page_id=1279","title":{"rendered":"CZERWONY RYZ Z OMEGA 3   60 kaps."},"content":{"rendered":"<div id=\"themify_builder_content-1279\" data-postid=\"1279\" class=\"themify_builder_content themify_builder_content-1279 themify_builder themify_builder_front\">\n\n\t\t\t\t<!-- module_row -->\n\t\t\t<div  data-gutter=\"gutter-default\" class=\"themify_builder_row themify_builder_1279_row module_row module_row_0 module_row_1279-0 clearfix gutter-default col_align_top wow fadeIn\" data-equal-column-height=\"\" data-column-alignment=\"col_align_top\">\n\n\t\t\n\t\t\t\t\n\t\t\t\t<div class=\"row_inner_wrapper\">\n\t\t\t\t\t<div class=\"row_inner\">\n\n\t\t\t\t\t\t\n\t\t\t\t\t\t\n\t\t\t\t\t\t\t\n\t\t<div  class=\"col-full first tb-column  tb_1279_column module_column_0 module_column_1279-0-0 module_column\" >\n\n\t\t\t\n\t\t\t\n\t\t\t<div class=\"tb-column-inner\">\n\n\t\t\t\t\n\t\t\t\t\n\t\t\t\t\t\n<!-- module text -->\n<div id=\"text-1279-0-0-1\" class=\"module module-text text-1279-0-0-1    hide-mobile\">\n\t\n\t\n\t<div style=\"text-align: center;\"><\/div>\n\t<\/div>\n<!-- \/module text -->\n\n<!-- module text -->\n<div id=\"text-1279-0-0-2\" class=\"module module-text text-1279-0-0-2   wow fadeIn\">\n\t\n\t\n\t<p><strong>CZERWONY RY\u017b Z OMEGA-3\u00a0 60 kaps.<br \/><br \/><\/strong>Produkt <em>zawiera<\/em> ekstrakt z czerwonego fermentowanego ry\u017cu (<em>Monascus purpureus) <\/em>oraz olej rybi z zawarto\u015bci\u0105 kwas\u00f3w t\u0142uszczowych <strong><em>\u00a0<\/em><\/strong>OMEGA-3 &#8211; DHA oraz EPA. DHA (kwas dokozahexaenowy) &#8211; jest istotnym sk\u0142adnikiem budowy tkanek m\u00f3zgu cz\u0142owieka, sk\u00f3ry i siatk\u00f3wki oka. EPA (kwas eikozapentaenowy) jest sk\u0142adnikiem procesu wytwarzania kwasu dokozaheksaenowego (DHA) w naturze.\u00a0 Czerwony ry\u017c dro\u017cd\u017cowy jest tradycyjnym\u00a0 chi\u0144skim produktem z fermentowanego ry\u017cu, na kt\u00f3rym hodowano czerwone dro\u017cd\u017ce (Monascus purpureus).\u00a0<br \/>Zawarto\u015b\u0107 sk\u0142adnik\u00f3w wykazuj\u0105cych efekt fizjologiczny w dziennej porcji produktu &#8211; jedna kapsu\u0142ka:<br \/>&#8211; frakcjonowany olej rybi: 200 mg<br \/>&#8211; ekstrakt z czerwonego fermentowanego ry\u017cu: 97,0 mg;<br \/>Substancje czynne w dziennej porcji produktu:<br \/>kwas DHA: 36,2 mg; \u00a0kwas\u00a0 EPA: 8,8 mg;<br \/>monakoliny ze sfermentowanego czerwonego\u00a0 ry\u017cu: 2,91 mg.<br \/><strong>Sk\u0142adniki<\/strong>: sproszkowany frakcjonowany olej rybi DHA\/EPA 18,2\/4,4%;\u00a0 ekstrakt z czerwonego fermentowanego ry\u017cu (3% monakolin ze sfermentowanego czerownego ry\u017cu); substancja wype\u0142niaj\u0105ca: krzemionka bezpostaciowa; materia\u0142 kapsu\u0142ki: \u017celatyna.<br \/><strong>Zalecane spo\u017cycie<\/strong>: jedna kapsu\u0142ka dziennie po posi\u0142ku, popija\u0107 wod\u0105. Nie nale\u017cy przekracza\u0107 zalecanej dziennej porcji.<br \/><strong>Uwaga<\/strong>:<br \/><strong>Ostrze\u017cenia \u00a0dotycz\u0105ce spo\u017cycia czerwonego fermentowanego ry\u017cu<\/strong>:<br \/>Niniejszy produkt nie powinien by\u0107 spo\u017cywany przez kobiety w ci\u0105\u017cy lub kobiety karmi\u0105ce piersi\u0105, dzieci w wieku poni\u017cej 18 lat i osoby doros\u0142e <br \/>w wieku powy\u017cej 70 lat.<br \/>Nale\u017cy zwr\u00f3ci\u0107 si\u0119 o porad\u0119 do lekarza w sprawie spo\u017cycia tego produktu w przypadku wyst\u0105pienia jakichkolwiek problem\u00f3w zdrowotnych.<br \/>Nie nale\u017cy spo\u017cywa\u0107, je\u015bli za\u017cywasz leki obni\u017caj\u0105ce poziom cholesterolu. Nie nale\u017cy spo\u017cywa\u0107, je\u015bli ju\u017c spo\u017cywasz inne produkty zawieraj\u0105ce sfermentowany czerwony ry\u017c.<br \/>Suplement diety nie mo\u017ce by\u0107 stosowany jako substytut zr\u00f3\u017cnicowanej\u00a0 <br \/>i zbilansowanej diety oraz nie zast\u0105pi zdrowego trybu \u017cycia.<br \/>Przechowywa\u0107 suchym miejscu, w temperaturze pokojowej, w spos\u00f3b niedost\u0119pny dla ma\u0142ych dzieci.<br \/>Sk\u0142adniki fizjologicznie czynne produktu pochodz\u0105 spoza obszaru UE.<\/p><p>\u00a0<\/p>\n\t<\/div>\n<!-- \/module text -->\n\n\t\t\t\t\n\t\t\t<\/div><!-- \/.tb-column-inner -->\n\t\t\t\t\t<\/div>\n\t\t<!-- \/.tb-column -->\n\t\t\n\t\t\n\t\t\t\t\t\t\t\t\n\t\t\t\t\t\t\t\t\n\t\t\t\t\t\t\t\n\t\t\t\t\t\t<\/div>\n\t\t\t\t\t\t<!-- \/row_inner -->\n\t\t\t\t\t<\/div>\n\t\t\t\t\t<!-- \/row_inner_wrapper -->\n\t\t\t\t<\/div>\n\t\t\t\t<!-- \/module_row -->\n\t\t\t\t\t<!-- module_row -->\n\t\t\t<div  data-gutter=\"gutter-default\" class=\"themify_builder_row themify_builder_1279_row module_row module_row_1 module_row_1279-1 clearfix gutter-default col_align_middle\" data-equal-column-height=\"\" data-column-alignment=\"col_align_middle\">\n\n\t\t\n\t\t\t\t\n\t\t\t\t<div class=\"row_inner_wrapper\">\n\t\t\t\t\t<div class=\"row_inner\">\n\n\t\t\t\t\t\t\n\t\t\t\t\t\t\n\t\t\t\t\t\t\t\n\t\t<div  class=\"col3-1 first tb-column empty-column tb_1279_column module_column_0 module_column_1279-1-0 module_column\" >\n\n\t\t\t\n\t\t\t\n\t\t\t<div class=\"tb-column-inner\">\n\n\t\t\t\t\n\t\t\t\t\n\t\t\t\t\t&nbsp;\n\t\t\t\t\n\t\t\t<\/div><!-- \/.tb-column-inner -->\n\t\t\t\t\t<\/div>\n\t\t<!-- \/.tb-column -->\n\t\t\n\t\t\n\t\t<div  class=\"col3-1 middle tb-column  tb_1279_column module_column_1 module_column_1279-1-1 module_column\" >\n\n\t\t\t\n\t\t\t\n\t\t\t<div class=\"tb-column-inner\">\n\n\t\t\t\t\n\t\t\t\t\n\t\t\t\t\t\n\t<!-- module image -->\n\t<div id=\"image-1279-1-1-1\" class=\"module module-image image-1279-1-1-1   image-center  \">\n\n\t\t\n\t\t\n\t\t<div class=\"image-wrap\">\n\t\t\t\t\t\t\t<img decoding=\"async\" src=\"https:\/\/farmvix.eu\/wp-content\/uploads\/2023\/03\/ryomega1-186x240.png\" height=\"240\" class=\" wp-image-3010\" title=\"Czerwony Ry\u017c z Omega 3    60 kaps.\" alt=\"Czerwony Ry\u017c z Omega 3    60 kaps.\" srcset=\"https:\/\/farmvix.eu\/wp-content\/uploads\/2023\/03\/ryomega1-186x240.png 186w, https:\/\/farmvix.eu\/wp-content\/uploads\/2023\/03\/ryomega1-233x300.png 233w, https:\/\/farmvix.eu\/wp-content\/uploads\/2023\/03\/ryomega1-217x280.png 217w, https:\/\/farmvix.eu\/wp-content\/uploads\/2023\/03\/ryomega1-225x290.png 225w, https:\/\/farmvix.eu\/wp-content\/uploads\/2023\/03\/ryomega1.png 598w\" sizes=\"(max-width: 186px) 100vw, 186px\" \/>\t\t\t\n\t\t\t\t\t\t<\/div>\n\t\t\t<!-- \/image-wrap -->\n\t\t\n\t\t\t\t\t<div class=\"image-content\">\n\t\t\t\t\t\t\t\t\t<h3 class=\"image-title\">\n\t\t\t\t\t\t\t\t\t\t\t\t\tCzerwony Ry\u017c z Omega 3    60 kaps.\t\t\t\t\t\t\t\t\t\t\t<\/h3>\n\t\t\t\t\n\t\t\t\t\t\t\t<\/div>\n\t\t\t<!-- \/image-content -->\n\t\t\n\t\t\n\t\t<\/div>\n\t<!-- \/module image -->\n\n\n\t\t\t\t\n\t\t\t<\/div><!-- \/.tb-column-inner -->\n\t\t\t\t\t<\/div>\n\t\t<!-- \/.tb-column -->\n\t\t\n\t\t\n\t\t<div  class=\"col3-1 last tb-column empty-column tb_1279_column module_column_2 module_column_1279-1-2 module_column\" >\n\n\t\t\t\n\t\t\t\n\t\t\t<div class=\"tb-column-inner\">\n\n\t\t\t\t\n\t\t\t\t\n\t\t\t\t\t&nbsp;\n\t\t\t\t\n\t\t\t<\/div><!-- \/.tb-column-inner -->\n\t\t\t\t\t<\/div>\n\t\t<!-- \/.tb-column -->\n\t\t\n\t\t\n\t\t\t\t\t\t\t\t\n\t\t\t\t\t\t\t\t\n\t\t\t\t\t\t\t\n\t\t\t\t\t\t<\/div>\n\t\t\t\t\t\t<!-- \/row_inner -->\n\t\t\t\t\t<\/div>\n\t\t\t\t\t<!-- \/row_inner_wrapper -->\n\t\t\t\t<\/div>\n\t\t\t\t<!-- \/module_row -->\n\t\t\t\t\t<!-- module_row -->\n\t\t\t<div  data-gutter=\"gutter-default\" class=\"themify_builder_row themify_builder_1279_row module_row module_row_2 module_row_1279-2 clearfix gutter-default col_align_top\" data-equal-column-height=\"\" data-column-alignment=\"col_align_top\">\n\n\t\t\n\t\t\t\t\n\t\t\t\t<div class=\"row_inner_wrapper\">\n\t\t\t\t\t<div class=\"row_inner\">\n\n\t\t\t\t\t\t\n\t\t\t\t\t\t\n\t\t\t\t\t\t\t\n\t\t<div  class=\"col-full first tb-column  tb_1279_column module_column_0 module_column_1279-2-0 module_column\" >\n\n\t\t\t\n\t\t\t\n\t\t\t<div class=\"tb-column-inner\">\n\n\t\t\t\t\n\t\t\t\t\n\t\t\t\t\t\n\n    <!-- module menu -->\n    <div id=\"menu-1279-2-0-1\" class=\"module module-menu menu-1279-2-0-1  \">\n        \n        <div class=\"menu-oferta-container\"><ul id=\"menu-oferta\" class=\"ui nav fullwidth transparent  \"><li id=\"menu-item-238\" class=\"menu-item menu-item-type-post_type menu-item-object-page menu-item-home menu-item-238\"><a href=\"https:\/\/farmvix.eu\/\"><i class=\"fa fa-desktop\"><\/i> STRONA G\u0141\u00d3WNA<\/a><\/li>\n<li id=\"menu-item-655\" class=\"menu-item menu-item-type-post_type menu-item-object-page menu-item-655\"><a href=\"https:\/\/farmvix.eu\/?page_id=649\"><i class=\"fa fa-chevron-circle-right\"><\/i> MA\u015aCI<\/a><\/li>\n<li id=\"menu-item-906\" class=\"menu-item menu-item-type-post_type menu-item-object-page menu-item-906\"><a href=\"https:\/\/farmvix.eu\/?page_id=902\"><i class=\"fa fa-chevron-circle-right\"><\/i> \u017bELE<\/a><\/li>\n<li id=\"menu-item-236\" class=\"menu-item menu-item-type-post_type menu-item-object-page menu-item-236\"><a href=\"https:\/\/farmvix.eu\/?page_id=181\"><i class=\"fa fa-chevron-circle-right\"><\/i> KREMY<\/a><\/li>\n<li id=\"menu-item-233\" class=\"menu-item menu-item-type-post_type menu-item-object-page menu-item-233\"><a href=\"https:\/\/farmvix.eu\/?page_id=191\"><i class=\"fa fa-chevron-circle-right\"><\/i> SUPLEMENTY DIETY<\/a><\/li>\n<li id=\"menu-item-1300\" class=\"menu-item menu-item-type-custom menu-item-object-custom menu-item-1300\"><a href=\"https:\/\/gaja24.pl\/pl\/producer\/FARM-VIX\/267\">SKLEP<\/a><\/li>\n<\/ul><\/div>    <\/div>\n    <!-- \/module menu -->\n\n\n\t\t\t\t\n\t\t\t<\/div><!-- \/.tb-column-inner -->\n\t\t\t\t\t<\/div>\n\t\t<!-- \/.tb-column -->\n\t\t\n\t\t\n\t\t\t\t\t\t\t\t\n\t\t\t\t\t\t\t\t\n\t\t\t\t\t\t\t\n\t\t\t\t\t\t<\/div>\n\t\t\t\t\t\t<!-- \/row_inner -->\n\t\t\t\t\t<\/div>\n\t\t\t\t\t<!-- \/row_inner_wrapper -->\n\t\t\t\t<\/div>\n\t\t\t\t<!-- \/module_row -->\n\t\t<\/div>\n<!-- \/themify_builder_content -->","protected":false},"excerpt":{"rendered":"\n","protected":false},"author":1,"featured_media":0,"parent":191,"menu_order":0,"comment_status":"closed","ping_status":"closed","template":"","meta":{"footnotes":""},"class_list":["post-1279","page","type-page","status-publish","hentry","has-post-title","has-post-date","has-post-category","has-post-tag","has-post-comment","has-post-author"],"_links":{"self":[{"href":"https:\/\/farmvix.eu\/index.php?rest_route=\/wp\/v2\/pages\/1279","targetHints":{"allow":["GET"]}}],"collection":[{"href":"https:\/\/farmvix.eu\/index.php?rest_route=\/wp\/v2\/pages"}],"about":[{"href":"https:\/\/farmvix.eu\/index.php?rest_route=\/wp\/v2\/types\/page"}],"author":[{"embeddable":true,"href":"https:\/\/farmvix.eu\/index.php?rest_route=\/wp\/v2\/users\/1"}],"replies":[{"embeddable":true,"href":"https:\/\/farmvix.eu\/index.php?rest_route=%2Fwp%2Fv2%2Fcomments&post=1279"}],"version-history":[{"count":6,"href":"https:\/\/farmvix.eu\/index.php?rest_route=\/wp\/v2\/pages\/1279\/revisions"}],"predecessor-version":[{"id":3014,"href":"https:\/\/farmvix.eu\/index.php?rest_route=\/wp\/v2\/pages\/1279\/revisions\/3014"}],"up":[{"embeddable":true,"href":"https:\/\/farmvix.eu\/index.php?rest_route=\/wp\/v2\/pages\/191"}],"wp:attachment":[{"href":"https:\/\/farmvix.eu\/index.php?rest_route=%2Fwp%2Fv2%2Fmedia&parent=1279"}],"curies":[{"name":"wp","href":"https:\/\/api.w.org\/{rel}","templated":true}]}}