{"id":2,"date":"2017-02-14T12:47:40","date_gmt":"2017-02-14T11:47:40","guid":{"rendered":"http:\/\/farmvix.eu\/?page_id=2"},"modified":"2025-06-06T11:45:03","modified_gmt":"2025-06-06T09:45:03","slug":"przykladowa-strona","status":"publish","type":"page","link":"https:\/\/farmvix.eu\/","title":{"rendered":"Strona g\u0142\u00f3wna"},"content":{"rendered":"<div id=\"themify_builder_content-2\" data-postid=\"2\" class=\"themify_builder_content themify_builder_content-2 themify_builder themify_builder_front\">\n\n\t\t\t\t<!-- module_row -->\n\t\t\t<div data-fullwidthvideo=\"https:\/\/farmvix.eu\/wp-content\/uploads\/2019\/12\/film.mp4\" data-gutter=\"gutter-default\" class=\"themify_builder_row themify_builder_2_row module_row module_row_0 module_row_2-0 clearfix gutter-default col_align_top tlopodvideo wow bounceIn fullwidth animation_effect_delay_1 hide-mobile\" data-equal-column-height=\"\" data-column-alignment=\"col_align_top\">\n\n\t\t\n\t\t\t\t\n\t\t\t\t<div class=\"row_inner_wrapper\">\n\t\t\t\t\t<div class=\"row_inner\">\n\n\t\t\t\t\t\t\n\t\t\t\t\t\t\n\t\t\t\t\t\t\t\n\t\t<div  class=\"col-full first tb-column  tb_2_column module_column_0 module_column_2-0-0 module_column tlo-film\" >\n\n\t\t\t\n\t\t\t\n\t\t\t<div class=\"tb-column-inner\">\n\n\t\t\t\t\n\t\t\t\t\n\t\t\t\t\t\n\t<!-- module image -->\n\t<div id=\"image-2-0-0-1\" class=\"module module-image image-2-0-0-1   image-top  \">\n\n\t\t\n\t\t\n\t\t<div class=\"image-wrap\">\n\t\t\t\t\t\t\t<img decoding=\"async\" src=\"http:\/\/farmvix.eu\/wp-content\/uploads\/2017\/02\/logozR-300x141.png\" alt=\"Strona g\u0142\u00f3wna\" \/>\t\t\t\n\t\t\t\t\t\t<\/div>\n\t\t\t<!-- \/image-wrap -->\n\t\t\n\t\t\n\t\t\n\t\t<\/div>\n\t<!-- \/module image -->\n\n\n<!-- module text -->\n<div id=\"text-2-0-0-2\" class=\"module module-text text-2-0-0-2 opis-firmy  wow fadeIn animation_effect_delay_1\">\n\t\n\t\n\t<p style=\"text-align: center;\">\u00a0Firma FARM-VIX, dzia\u0142aj\u0105ca od 1998 roku zajmuje si\u0119 dystrybucj\u0105 kosmetyk\u00f3w i suplement\u00f3w diety na terenie ca\u0142ej Polski. Od 2007 roku wsp\u00f3\u0142pracuje z czesk\u0105 firm\u0105 MEDIN TERRA BRNO . Efektem tej wsp\u00f3\u0142pracy jest wprowadzenie na rynek polski serii suplement\u00f3w diety, ma\u015bci i herba\u017celi, produkowanych z naturalnych sk\u0142adnik\u00f3w o r\u00f3\u017cnorodnym dzia\u0142aniu.<\/p>\n\t<\/div>\n<!-- \/module text -->\n\n\t\t\t\t\n\t\t\t<\/div><!-- \/.tb-column-inner -->\n\t\t\t\t\t<\/div>\n\t\t<!-- \/.tb-column -->\n\t\t\n\t\t\n\t\t\t\t\t\t\t\t\n\t\t\t\t\t\t\t\t\n\t\t\t\t\t\t\t\n\t\t\t\t\t\t<\/div>\n\t\t\t\t\t\t<!-- \/row_inner -->\n\t\t\t\t\t<\/div>\n\t\t\t\t\t<!-- \/row_inner_wrapper -->\n\t\t\t\t<\/div>\n\t\t\t\t<!-- \/module_row -->\n\t\t<\/div>\n<!-- \/themify_builder_content -->","protected":false},"excerpt":{"rendered":"<p>\u00a0Firma FARM-VIX, dzia\u0142aj\u0105ca od 1998 roku zajmuje si\u0119 dystrybucj\u0105 kosmetyk\u00f3w i suplement\u00f3w diety na terenie ca\u0142ej Polski. Od 2007 roku wsp\u00f3\u0142pracuje z czesk\u0105 firm\u0105 MEDIN TERRA BRNO . Efektem tej wsp\u00f3\u0142pracy jest wprowadzenie na rynek polski serii suplement\u00f3w diety, ma\u015bci i herba\u017celi, produkowanych z naturalnych sk\u0142adnik\u00f3w o r\u00f3\u017cnorodnym dzia\u0142aniu.<\/p>\n","protected":false},"author":1,"featured_media":0,"parent":0,"menu_order":0,"comment_status":"closed","ping_status":"open","template":"","meta":{"footnotes":""},"class_list":["post-2","page","type-page","status-publish","hentry","has-post-title","has-post-date","has-post-category","has-post-tag","has-post-comment","has-post-author"],"_links":{"self":[{"href":"https:\/\/farmvix.eu\/index.php?rest_route=\/wp\/v2\/pages\/2","targetHints":{"allow":["GET"]}}],"collection":[{"href":"https:\/\/farmvix.eu\/index.php?rest_route=\/wp\/v2\/pages"}],"about":[{"href":"https:\/\/farmvix.eu\/index.php?rest_route=\/wp\/v2\/types\/page"}],"author":[{"embeddable":true,"href":"https:\/\/farmvix.eu\/index.php?rest_route=\/wp\/v2\/users\/1"}],"replies":[{"embeddable":true,"href":"https:\/\/farmvix.eu\/index.php?rest_route=%2Fwp%2Fv2%2Fcomments&post=2"}],"version-history":[{"count":3,"href":"https:\/\/farmvix.eu\/index.php?rest_route=\/wp\/v2\/pages\/2\/revisions"}],"predecessor-version":[{"id":3536,"href":"https:\/\/farmvix.eu\/index.php?rest_route=\/wp\/v2\/pages\/2\/revisions\/3536"}],"wp:attachment":[{"href":"https:\/\/farmvix.eu\/index.php?rest_route=%2Fwp%2Fv2%2Fmedia&parent=2"}],"curies":[{"name":"wp","href":"https:\/\/api.w.org\/{rel}","templated":true}]}}