{"id":2865,"date":"2023-02-28T12:14:27","date_gmt":"2023-02-28T11:14:27","guid":{"rendered":"https:\/\/farmvix.eu\/?page_id=2865"},"modified":"2025-05-23T11:30:45","modified_gmt":"2025-05-23T09:30:45","slug":"huba-brzozowa-2-2-2-2-2-2-3-2-2-3-2-2-2-2-3-4","status":"publish","type":"page","link":"https:\/\/farmvix.eu\/?page_id=2865","title":{"rendered":"\u017bEL Z OWOC\u00d3W JEMIO\u0141Y"},"content":{"rendered":"<div id=\"themify_builder_content-2865\" data-postid=\"2865\" class=\"themify_builder_content themify_builder_content-2865 themify_builder themify_builder_front\">\n\n\t\t\t\t<!-- module_row -->\n\t\t\t<div  data-gutter=\"gutter-default\" class=\"themify_builder_row themify_builder_2865_row module_row module_row_0 module_row_2865-0 clearfix gutter-default col_align_top wow fadeIn\" data-equal-column-height=\"\" data-column-alignment=\"col_align_top\">\n\n\t\t\n\t\t\t\t\n\t\t\t\t<div class=\"row_inner_wrapper\">\n\t\t\t\t\t<div class=\"row_inner\">\n\n\t\t\t\t\t\t\n\t\t\t\t\t\t\n\t\t\t\t\t\t\t\n\t\t<div  class=\"col-full first tb-column  tb_2865_column module_column_0 module_column_2865-0-0 module_column\" >\n\n\t\t\t\n\t\t\t\n\t\t\t<div class=\"tb-column-inner\">\n\n\t\t\t\t\n\t\t\t\t\n\t\t\t\t\t\n<!-- module text -->\n<div id=\"text-2865-0-0-1\" class=\"module module-text text-2865-0-0-1    hide-mobile\">\n\t\n\t\n\t<div style=\"text-align: center;\"><\/div>\n\t<\/div>\n<!-- \/module text -->\n\n<!-- module text -->\n<div id=\"text-2865-0-0-2\" class=\"module module-text text-2865-0-0-2   wow fadeIn\">\n\t\n\t\n\t<p><span style=\"color: #000000;\"><strong>\u017bEL Z OWOC\u00d3W JEMIO\u0141Y &#8211; <\/strong>dzia\u0142anie \u017celu oparte jest na biologicznie aktywnych substancjach zawartych w ekstrakcie z owoc\u00f3w jemio\u0142y. Szczeg\u00f3lnie polecany w przypadku uporczywych odcisk\u00f3w st\u00f3p i przebarwieniach na sk\u00f3rze.<\/span><\/p><p><span style=\"color: #000000;\"><span class=\"fontstyle0\"><b><strong>INGREDIENTS<\/strong>:<\/b> Aqua purificata, glycerin, carbomer, Viscum album extract, Sodium hydroxide, Phenoxyethanol, Ethylhexylglycerin.<\/span><\/span><\/p><p><span style=\"color: #000000;\"><b><span style=\"font-family: 'Libre Baskerville', serif;\">SPOS\u00d3B U\u017bYCIA:<\/span><\/b><span style=\"font-family: 'Libre Baskerville', serif;\">\u00a0<span style=\"font-family: Arial;\">\u017bel wciera\u0107\u00a0 2 &#8211; 3 razy dziennie. <\/span><\/span><\/span><\/p><p><span style=\"color: #000000;\"><b><span style=\"font-family: 'Libre Baskerville', serif;\">UWAGA : <\/span><\/b><span style=\"font-family: 'Libre Baskerville', serif;\"><span style=\"font-family: Arial;\">Produkt do u\u017cytku zewn\u0119trznego. Nie stosowa\u0107 na otwarte rany i w okolicach nosa , oczu i ust.<\/span><\/span><\/span><\/p><p><span style=\"font-family: 'Libre Baskerville', serif; color: #000000;\">Oryginalna receptura\u00a0<b>Medin Terra Brno<\/b><\/span><\/p><p><span style=\"color: #000000;\"><b><span style=\"font-family: 'Libre Baskerville', serif;\">NATURALNE SK\u0141ADNIKI<\/span><\/b><\/span><\/p><p><span style=\"color: #000000;\"><strong>POJEMNO\u015a\u0106:\u00a0<\/strong>350g<\/span><\/p>\n\t<\/div>\n<!-- \/module text -->\n\n\t\t\t\t\n\t\t\t<\/div><!-- \/.tb-column-inner -->\n\t\t\t\t\t<\/div>\n\t\t<!-- \/.tb-column -->\n\t\t\n\t\t\n\t\t\t\t\t\t\t\t\n\t\t\t\t\t\t\t\t\n\t\t\t\t\t\t\t\n\t\t\t\t\t\t<\/div>\n\t\t\t\t\t\t<!-- \/row_inner -->\n\t\t\t\t\t<\/div>\n\t\t\t\t\t<!-- \/row_inner_wrapper -->\n\t\t\t\t<\/div>\n\t\t\t\t<!-- \/module_row -->\n\t\t\t\t\t<!-- module_row -->\n\t\t\t<div  data-gutter=\"gutter-default\" class=\"themify_builder_row themify_builder_2865_row module_row module_row_1 module_row_2865-1 clearfix gutter-default col_align_middle\" data-equal-column-height=\"\" data-column-alignment=\"col_align_middle\">\n\n\t\t\n\t\t\t\t\n\t\t\t\t<div class=\"row_inner_wrapper\">\n\t\t\t\t\t<div class=\"row_inner\">\n\n\t\t\t\t\t\t\n\t\t\t\t\t\t\n\t\t\t\t\t\t\t\n\t\t<div  class=\"col3-1 first tb-column empty-column tb_2865_column module_column_0 module_column_2865-1-0 module_column\" >\n\n\t\t\t\n\t\t\t\n\t\t\t<div class=\"tb-column-inner\">\n\n\t\t\t\t\n\t\t\t\t\n\t\t\t\t\t&nbsp;\n\t\t\t\t\n\t\t\t<\/div><!-- \/.tb-column-inner -->\n\t\t\t\t\t<\/div>\n\t\t<!-- \/.tb-column -->\n\t\t\n\t\t\n\t\t<div  class=\"col3-1 middle tb-column  tb_2865_column module_column_1 module_column_2865-1-1 module_column\" >\n\n\t\t\t\n\t\t\t\n\t\t\t<div class=\"tb-column-inner\">\n\n\t\t\t\t\n\t\t\t\t\n\t\t\t\t\t\n\t<!-- module image -->\n\t<div id=\"image-2865-1-1-1\" class=\"module module-image image-2865-1-1-1   image-center  \">\n\n\t\t\n\t\t\n\t\t<div class=\"image-wrap\">\n\t\t\t\t\t\t\t<img decoding=\"async\" src=\"https:\/\/farmvix.eu\/wp-content\/uploads\/2023\/03\/zel-jemiola-1-170x170.png\" height=\"170\" class=\" wp-image-2956\" title=\"\u017cel jemio\u0142a\" alt=\"\u017bEL Z OWOC\u00d3W JEMIO\u0141Y\" srcset=\"https:\/\/farmvix.eu\/wp-content\/uploads\/2023\/03\/zel-jemiola-1-170x170.png 170w, https:\/\/farmvix.eu\/wp-content\/uploads\/2023\/03\/zel-jemiola-1-300x300.png 300w, https:\/\/farmvix.eu\/wp-content\/uploads\/2023\/03\/zel-jemiola-1-150x150.png 150w, https:\/\/farmvix.eu\/wp-content\/uploads\/2023\/03\/zel-jemiola-1-200x200.png 200w, https:\/\/farmvix.eu\/wp-content\/uploads\/2023\/03\/zel-jemiola-1.png 512w\" sizes=\"(max-width: 170px) 100vw, 170px\" \/>\t\t\t\n\t\t\t\t\t\t<\/div>\n\t\t\t<!-- \/image-wrap -->\n\t\t\n\t\t\n\t\t\n\t\t<\/div>\n\t<!-- \/module image -->\n\n\n\t\t\t\t\n\t\t\t<\/div><!-- \/.tb-column-inner -->\n\t\t\t\t\t<\/div>\n\t\t<!-- \/.tb-column -->\n\t\t\n\t\t\n\t\t<div  class=\"col3-1 last tb-column empty-column tb_2865_column module_column_2 module_column_2865-1-2 module_column\" >\n\n\t\t\t\n\t\t\t\n\t\t\t<div class=\"tb-column-inner\">\n\n\t\t\t\t\n\t\t\t\t\n\t\t\t\t\t&nbsp;\n\t\t\t\t\n\t\t\t<\/div><!-- \/.tb-column-inner -->\n\t\t\t\t\t<\/div>\n\t\t<!-- \/.tb-column -->\n\t\t\n\t\t\n\t\t\t\t\t\t\t\t\n\t\t\t\t\t\t\t\t\n\t\t\t\t\t\t\t\n\t\t\t\t\t\t<\/div>\n\t\t\t\t\t\t<!-- \/row_inner -->\n\t\t\t\t\t<\/div>\n\t\t\t\t\t<!-- \/row_inner_wrapper -->\n\t\t\t\t<\/div>\n\t\t\t\t<!-- \/module_row -->\n\t\t\t\t\t<!-- module_row -->\n\t\t\t<div  data-gutter=\"gutter-default\" class=\"themify_builder_row themify_builder_2865_row module_row module_row_2 module_row_2865-2 clearfix gutter-default col_align_top\" data-equal-column-height=\"\" data-column-alignment=\"col_align_top\">\n\n\t\t\n\t\t\t\t\n\t\t\t\t<div class=\"row_inner_wrapper\">\n\t\t\t\t\t<div class=\"row_inner\">\n\n\t\t\t\t\t\t\n\t\t\t\t\t\t\n\t\t\t\t\t\t\t\n\t\t<div  class=\"col-full first tb-column  tb_2865_column module_column_0 module_column_2865-2-0 module_column\" >\n\n\t\t\t\n\t\t\t\n\t\t\t<div class=\"tb-column-inner\">\n\n\t\t\t\t\n\t\t\t\t\n\t\t\t\t\t\n\n    <!-- module menu -->\n    <div id=\"menu-2865-2-0-1\" class=\"module module-menu menu-2865-2-0-1  \">\n        \n        <div class=\"menu-oferta-container\"><ul id=\"menu-oferta\" class=\"ui nav fullwidth transparent  \"><li id=\"menu-item-238\" class=\"menu-item menu-item-type-post_type menu-item-object-page menu-item-home menu-item-238\"><a href=\"https:\/\/farmvix.eu\/\"><i class=\"fa fa-desktop\"><\/i> STRONA G\u0141\u00d3WNA<\/a><\/li>\n<li id=\"menu-item-655\" class=\"menu-item menu-item-type-post_type menu-item-object-page menu-item-655\"><a href=\"https:\/\/farmvix.eu\/?page_id=649\"><i class=\"fa fa-chevron-circle-right\"><\/i> MA\u015aCI<\/a><\/li>\n<li id=\"menu-item-906\" class=\"menu-item menu-item-type-post_type menu-item-object-page menu-item-906\"><a href=\"https:\/\/farmvix.eu\/?page_id=902\"><i class=\"fa fa-chevron-circle-right\"><\/i> \u017bELE<\/a><\/li>\n<li id=\"menu-item-236\" class=\"menu-item menu-item-type-post_type menu-item-object-page menu-item-236\"><a href=\"https:\/\/farmvix.eu\/?page_id=181\"><i class=\"fa fa-chevron-circle-right\"><\/i> KREMY<\/a><\/li>\n<li id=\"menu-item-233\" class=\"menu-item menu-item-type-post_type menu-item-object-page menu-item-233\"><a href=\"https:\/\/farmvix.eu\/?page_id=191\"><i class=\"fa fa-chevron-circle-right\"><\/i> SUPLEMENTY DIETY<\/a><\/li>\n<li id=\"menu-item-1300\" class=\"menu-item menu-item-type-custom menu-item-object-custom menu-item-1300\"><a href=\"https:\/\/gaja24.pl\/pl\/producer\/FARM-VIX\/267\">SKLEP<\/a><\/li>\n<\/ul><\/div>    <\/div>\n    <!-- \/module menu -->\n\n\n\t\t\t\t\n\t\t\t<\/div><!-- \/.tb-column-inner -->\n\t\t\t\t\t<\/div>\n\t\t<!-- \/.tb-column -->\n\t\t\n\t\t\n\t\t\t\t\t\t\t\t\n\t\t\t\t\t\t\t\t\n\t\t\t\t\t\t\t\n\t\t\t\t\t\t<\/div>\n\t\t\t\t\t\t<!-- \/row_inner -->\n\t\t\t\t\t<\/div>\n\t\t\t\t\t<!-- \/row_inner_wrapper -->\n\t\t\t\t<\/div>\n\t\t\t\t<!-- \/module_row -->\n\t\t<\/div>\n<!-- \/themify_builder_content -->","protected":false},"excerpt":{"rendered":"\n","protected":false},"author":3,"featured_media":0,"parent":191,"menu_order":0,"comment_status":"closed","ping_status":"closed","template":"","meta":{"footnotes":""},"class_list":["post-2865","page","type-page","status-publish","hentry","has-post-title","has-post-date","has-post-category","has-post-tag","has-post-comment","has-post-author"],"_links":{"self":[{"href":"https:\/\/farmvix.eu\/index.php?rest_route=\/wp\/v2\/pages\/2865","targetHints":{"allow":["GET"]}}],"collection":[{"href":"https:\/\/farmvix.eu\/index.php?rest_route=\/wp\/v2\/pages"}],"about":[{"href":"https:\/\/farmvix.eu\/index.php?rest_route=\/wp\/v2\/types\/page"}],"author":[{"embeddable":true,"href":"https:\/\/farmvix.eu\/index.php?rest_route=\/wp\/v2\/users\/3"}],"replies":[{"embeddable":true,"href":"https:\/\/farmvix.eu\/index.php?rest_route=%2Fwp%2Fv2%2Fcomments&post=2865"}],"version-history":[{"count":7,"href":"https:\/\/farmvix.eu\/index.php?rest_route=\/wp\/v2\/pages\/2865\/revisions"}],"predecessor-version":[{"id":3474,"href":"https:\/\/farmvix.eu\/index.php?rest_route=\/wp\/v2\/pages\/2865\/revisions\/3474"}],"up":[{"embeddable":true,"href":"https:\/\/farmvix.eu\/index.php?rest_route=\/wp\/v2\/pages\/191"}],"wp:attachment":[{"href":"https:\/\/farmvix.eu\/index.php?rest_route=%2Fwp%2Fv2%2Fmedia&parent=2865"}],"curies":[{"name":"wp","href":"https:\/\/api.w.org\/{rel}","templated":true}]}}