{"id":2982,"date":"2023-03-15T16:29:33","date_gmt":"2023-03-15T15:29:33","guid":{"rendered":"https:\/\/farmvix.eu\/?page_id=2982"},"modified":"2023-03-15T16:47:14","modified_gmt":"2023-03-15T15:47:14","slug":"huba-brzozowa-2-2-2-2-2-2-3-2-2-4-2-3","status":"publish","type":"page","link":"https:\/\/farmvix.eu\/?page_id=2982","title":{"rendered":"OMULEK 90 tabl."},"content":{"rendered":"<div id=\"themify_builder_content-2982\" data-postid=\"2982\" class=\"themify_builder_content themify_builder_content-2982 themify_builder themify_builder_front\">\n\n\t\t\t\t<!-- module_row -->\n\t\t\t<div  data-gutter=\"gutter-default\" class=\"themify_builder_row themify_builder_2982_row module_row module_row_0 module_row_2982-0 clearfix gutter-default col_align_top wow fadeIn\" data-equal-column-height=\"\" data-column-alignment=\"col_align_top\">\n\n\t\t\n\t\t\t\t\n\t\t\t\t<div class=\"row_inner_wrapper\">\n\t\t\t\t\t<div class=\"row_inner\">\n\n\t\t\t\t\t\t\n\t\t\t\t\t\t\n\t\t\t\t\t\t\t\n\t\t<div  class=\"col-full first tb-column  tb_2982_column module_column_0 module_column_2982-0-0 module_column\" >\n\n\t\t\t\n\t\t\t\n\t\t\t<div class=\"tb-column-inner\">\n\n\t\t\t\t\n\t\t\t\t\n\t\t\t\t\t\n<!-- module text -->\n<div id=\"text-2982-0-0-1\" class=\"module module-text text-2982-0-0-1    hide-mobile\">\n\t\n\t\n\t<div style=\"text-align: center;\"><\/div>\n\t<\/div>\n<!-- \/module text -->\n\n<!-- module text -->\n<div id=\"text-2982-0-0-2\" class=\"module module-text text-2982-0-0-2   wow fadeIn\">\n\t\n\t\n\t<p><strong>OMU\u0141EK ZIELONOWARGOWY\u00a0\u00a0<\/strong>Na stawy.<\/p><p>Suplement diety\u00a0 90 tabletek. Masa netto 86 g\u00a0<\/p><p>Produkt zawiera ekstrakt z omu\u0142ka zielonowargowego (<em>Perna Canaliculis<\/em>), i ekstrakt z \u017cywicy kadzid\u0142owca (<em>Boswellia serrata Resina).\u00a0\u00a0<\/em>\u017bywica kadzid\u0142owca pomaga utrzyma\u0107 zdrowe i sprawne \u00a0stawy.<\/p><p><strong>Zawarto\u015b\u0107 sk\u0142adnik\u00f3w<\/strong> wykazuj\u0105cych efekt fizjologiczny w dziennej porcji produktu \u2013 dwie tabletki:<\/p><p>&#8211; omu\u0142ek zielonowargowy \u2013 ekstrakt \u00a0&#8211; 1120 mg<\/p><p>&#8211; ekstrakt z \u017cywicy kadzid\u0142owca\u00a0\u00a0\u00a0 \u00a0\u00a0\u00a0\u00a0\u00a0\u00a0\u00a0&#8211; 480 mg<\/p><p>Zawarto\u015b\u0107\u00a0 substancji czynnych w dziennej porcji produktu:<\/p><p>kwasy bosweliowe: 48 mg.<\/p><p><strong>Sk\u0142adniki<\/strong>: ekstrakt\u00a0 z omu\u0142ka zielonowargowego (DER 10:1);<\/p><p>ekstrakt z \u017cywicy kadzid\u0142owca (10 % kwas\u00f3w bosweliowych),<\/p><p>substancja wype\u0142niaj\u0105ca: celuloza mikrokrystaliczna;<\/p><p>stabilizator: fosforan diwapniowy;<\/p><p>substancja wi\u0105\u017c\u0105ca: pochodne celulozy;<\/p><p>no\u015bnik: krzemionka bezpostaciowa;<\/p><p>substancja przeciwzbrylaj\u0105ca: sole magnezowe kwas\u00f3w t\u0142uszczowych.<\/p><p><strong>Zalecane spo\u017cycie<\/strong>: 1 tabletka dwa razy dziennie, popija\u0107 wod\u0105. Nie nale\u017cy przekracza\u0107 zalecanej dziennej porcji.<\/p><p><strong>Uwaga<\/strong>: Produkt przeznaczony dla doros\u0142ych. Spo\u017cywanie produktu jest niewskazane dla kobiet w ci\u0105\u017cy, dzieci i m\u0142odzie\u017cy. Suplement diety nie mo\u017ce by\u0107 stosowany jako substytut zr\u00f3\u017cnicowanej\u00a0 i zbilansowanej diety oraz nie zast\u0105pi zdrowego trybu \u017cycia. Przechowywa\u0107 w suchym miejscu, w temperaturze pokojowej, w spos\u00f3b niedost\u0119pny dla ma\u0142ych dzieci.<\/p>\n\t<\/div>\n<!-- \/module text -->\n\n\t\t\t\t\n\t\t\t<\/div><!-- \/.tb-column-inner -->\n\t\t\t\t\t<\/div>\n\t\t<!-- \/.tb-column -->\n\t\t\n\t\t\n\t\t\t\t\t\t\t\t\n\t\t\t\t\t\t\t\t\n\t\t\t\t\t\t\t\n\t\t\t\t\t\t<\/div>\n\t\t\t\t\t\t<!-- \/row_inner -->\n\t\t\t\t\t<\/div>\n\t\t\t\t\t<!-- \/row_inner_wrapper -->\n\t\t\t\t<\/div>\n\t\t\t\t<!-- \/module_row -->\n\t\t\t\t\t<!-- module_row -->\n\t\t\t<div  data-gutter=\"gutter-default\" class=\"themify_builder_row themify_builder_2982_row module_row module_row_1 module_row_2982-1 clearfix gutter-default col_align_middle\" data-equal-column-height=\"\" data-column-alignment=\"col_align_middle\">\n\n\t\t\n\t\t\t\t\n\t\t\t\t<div class=\"row_inner_wrapper\">\n\t\t\t\t\t<div class=\"row_inner\">\n\n\t\t\t\t\t\t\n\t\t\t\t\t\t\n\t\t\t\t\t\t\t\n\t\t<div  class=\"col3-1 first tb-column empty-column tb_2982_column module_column_0 module_column_2982-1-0 module_column\" >\n\n\t\t\t\n\t\t\t\n\t\t\t<div class=\"tb-column-inner\">\n\n\t\t\t\t\n\t\t\t\t\n\t\t\t\t\t&nbsp;\n\t\t\t\t\n\t\t\t<\/div><!-- \/.tb-column-inner -->\n\t\t\t\t\t<\/div>\n\t\t<!-- \/.tb-column -->\n\t\t\n\t\t\n\t\t<div  class=\"col3-1 middle tb-column  tb_2982_column module_column_1 module_column_2982-1-1 module_column\" >\n\n\t\t\t\n\t\t\t\n\t\t\t<div class=\"tb-column-inner\">\n\n\t\t\t\t\n\t\t\t\t\n\t\t\t\t\t\n\t<!-- module image -->\n\t<div id=\"image-2982-1-1-1\" class=\"module module-image image-2982-1-1-1   image-center  \">\n\n\t\t\n\t\t\n\t\t<div class=\"image-wrap\">\n\t\t\t\t\t\t\t<img decoding=\"async\" src=\"https:\/\/farmvix.eu\/wp-content\/uploads\/2023\/03\/omulek-901-1-184x270.png\" height=\"270\" class=\" wp-image-2991\" title=\"omu\u0142ek 901\" alt=\"OMULEK 90 tabl.\" srcset=\"https:\/\/farmvix.eu\/wp-content\/uploads\/2023\/03\/omulek-901-1-184x270.png 184w, https:\/\/farmvix.eu\/wp-content\/uploads\/2023\/03\/omulek-901-1-205x300.png 205w, https:\/\/farmvix.eu\/wp-content\/uploads\/2023\/03\/omulek-901-1-191x280.png 191w, https:\/\/farmvix.eu\/wp-content\/uploads\/2023\/03\/omulek-901-1-280x410.png 280w, https:\/\/farmvix.eu\/wp-content\/uploads\/2023\/03\/omulek-901-1-276x404.png 276w, https:\/\/farmvix.eu\/wp-content\/uploads\/2023\/03\/omulek-901-1-187x275.png 187w, https:\/\/farmvix.eu\/wp-content\/uploads\/2023\/03\/omulek-901-1-189x278.png 189w, https:\/\/farmvix.eu\/wp-content\/uploads\/2023\/03\/omulek-901-1-190x279.png 190w, https:\/\/farmvix.eu\/wp-content\/uploads\/2023\/03\/omulek-901-1.png 518w\" sizes=\"(max-width: 184px) 100vw, 184px\" \/>\t\t\t\n\t\t\t\t\t\t<\/div>\n\t\t\t<!-- \/image-wrap -->\n\t\t\n\t\t\n\t\t\n\t\t<\/div>\n\t<!-- \/module image -->\n\n\n\t\t\t\t\n\t\t\t<\/div><!-- \/.tb-column-inner -->\n\t\t\t\t\t<\/div>\n\t\t<!-- \/.tb-column -->\n\t\t\n\t\t\n\t\t<div  class=\"col3-1 last tb-column empty-column tb_2982_column module_column_2 module_column_2982-1-2 module_column\" >\n\n\t\t\t\n\t\t\t\n\t\t\t<div class=\"tb-column-inner\">\n\n\t\t\t\t\n\t\t\t\t\n\t\t\t\t\t&nbsp;\n\t\t\t\t\n\t\t\t<\/div><!-- \/.tb-column-inner -->\n\t\t\t\t\t<\/div>\n\t\t<!-- \/.tb-column -->\n\t\t\n\t\t\n\t\t\t\t\t\t\t\t\n\t\t\t\t\t\t\t\t\n\t\t\t\t\t\t\t\n\t\t\t\t\t\t<\/div>\n\t\t\t\t\t\t<!-- \/row_inner -->\n\t\t\t\t\t<\/div>\n\t\t\t\t\t<!-- \/row_inner_wrapper -->\n\t\t\t\t<\/div>\n\t\t\t\t<!-- \/module_row -->\n\t\t\t\t\t<!-- module_row -->\n\t\t\t<div  data-gutter=\"gutter-default\" class=\"themify_builder_row themify_builder_2982_row module_row module_row_2 module_row_2982-2 clearfix gutter-default col_align_top\" data-equal-column-height=\"\" data-column-alignment=\"col_align_top\">\n\n\t\t\n\t\t\t\t\n\t\t\t\t<div class=\"row_inner_wrapper\">\n\t\t\t\t\t<div class=\"row_inner\">\n\n\t\t\t\t\t\t\n\t\t\t\t\t\t\n\t\t\t\t\t\t\t\n\t\t<div  class=\"col-full first tb-column  tb_2982_column module_column_0 module_column_2982-2-0 module_column\" >\n\n\t\t\t\n\t\t\t\n\t\t\t<div class=\"tb-column-inner\">\n\n\t\t\t\t\n\t\t\t\t\n\t\t\t\t\t\n\n    <!-- module menu -->\n    <div id=\"menu-2982-2-0-1\" class=\"module module-menu menu-2982-2-0-1  \">\n        \n        <div class=\"menu-oferta-container\"><ul id=\"menu-oferta\" class=\"ui nav fullwidth transparent  \"><li id=\"menu-item-238\" class=\"menu-item menu-item-type-post_type menu-item-object-page menu-item-home menu-item-238\"><a href=\"https:\/\/farmvix.eu\/\"><i class=\"fa fa-desktop\"><\/i> STRONA G\u0141\u00d3WNA<\/a><\/li>\n<li id=\"menu-item-655\" class=\"menu-item menu-item-type-post_type menu-item-object-page menu-item-655\"><a href=\"https:\/\/farmvix.eu\/?page_id=649\"><i class=\"fa fa-chevron-circle-right\"><\/i> MA\u015aCI<\/a><\/li>\n<li id=\"menu-item-906\" class=\"menu-item menu-item-type-post_type menu-item-object-page menu-item-906\"><a href=\"https:\/\/farmvix.eu\/?page_id=902\"><i class=\"fa fa-chevron-circle-right\"><\/i> \u017bELE<\/a><\/li>\n<li id=\"menu-item-236\" class=\"menu-item menu-item-type-post_type menu-item-object-page menu-item-236\"><a href=\"https:\/\/farmvix.eu\/?page_id=181\"><i class=\"fa fa-chevron-circle-right\"><\/i> KREMY<\/a><\/li>\n<li id=\"menu-item-233\" class=\"menu-item menu-item-type-post_type menu-item-object-page menu-item-233\"><a href=\"https:\/\/farmvix.eu\/?page_id=191\"><i class=\"fa fa-chevron-circle-right\"><\/i> SUPLEMENTY DIETY<\/a><\/li>\n<li id=\"menu-item-1300\" class=\"menu-item menu-item-type-custom menu-item-object-custom menu-item-1300\"><a href=\"https:\/\/gaja24.pl\/pl\/producer\/FARM-VIX\/267\">SKLEP<\/a><\/li>\n<\/ul><\/div>    <\/div>\n    <!-- \/module menu -->\n\n\n\t\t\t\t\n\t\t\t<\/div><!-- \/.tb-column-inner -->\n\t\t\t\t\t<\/div>\n\t\t<!-- \/.tb-column -->\n\t\t\n\t\t\n\t\t\t\t\t\t\t\t\n\t\t\t\t\t\t\t\t\n\t\t\t\t\t\t\t\n\t\t\t\t\t\t<\/div>\n\t\t\t\t\t\t<!-- \/row_inner -->\n\t\t\t\t\t<\/div>\n\t\t\t\t\t<!-- \/row_inner_wrapper -->\n\t\t\t\t<\/div>\n\t\t\t\t<!-- \/module_row -->\n\t\t<\/div>\n<!-- \/themify_builder_content -->","protected":false},"excerpt":{"rendered":"\n","protected":false},"author":3,"featured_media":0,"parent":191,"menu_order":0,"comment_status":"closed","ping_status":"closed","template":"","meta":{"footnotes":""},"class_list":["post-2982","page","type-page","status-publish","hentry","has-post-title","has-post-date","has-post-category","has-post-tag","has-post-comment","has-post-author"],"_links":{"self":[{"href":"https:\/\/farmvix.eu\/index.php?rest_route=\/wp\/v2\/pages\/2982","targetHints":{"allow":["GET"]}}],"collection":[{"href":"https:\/\/farmvix.eu\/index.php?rest_route=\/wp\/v2\/pages"}],"about":[{"href":"https:\/\/farmvix.eu\/index.php?rest_route=\/wp\/v2\/types\/page"}],"author":[{"embeddable":true,"href":"https:\/\/farmvix.eu\/index.php?rest_route=\/wp\/v2\/users\/3"}],"replies":[{"embeddable":true,"href":"https:\/\/farmvix.eu\/index.php?rest_route=%2Fwp%2Fv2%2Fcomments&post=2982"}],"version-history":[{"count":6,"href":"https:\/\/farmvix.eu\/index.php?rest_route=\/wp\/v2\/pages\/2982\/revisions"}],"predecessor-version":[{"id":2993,"href":"https:\/\/farmvix.eu\/index.php?rest_route=\/wp\/v2\/pages\/2982\/revisions\/2993"}],"up":[{"embeddable":true,"href":"https:\/\/farmvix.eu\/index.php?rest_route=\/wp\/v2\/pages\/191"}],"wp:attachment":[{"href":"https:\/\/farmvix.eu\/index.php?rest_route=%2Fwp%2Fv2%2Fmedia&parent=2982"}],"curies":[{"name":"wp","href":"https:\/\/api.w.org\/{rel}","templated":true}]}}