{"id":588,"date":"2018-01-03T16:47:06","date_gmt":"2018-01-03T15:47:06","guid":{"rendered":"http:\/\/farmvix.eu\/?page_id=588"},"modified":"2020-03-13T11:27:57","modified_gmt":"2020-03-13T10:27:57","slug":"huba-brzozowa-2-2-2-2-2-2-2-2-2-2-2-2-2-2","status":"publish","type":"page","link":"https:\/\/farmvix.eu\/?page_id=588","title":{"rendered":"UROVIX"},"content":{"rendered":"<div id=\"themify_builder_content-588\" data-postid=\"588\" class=\"themify_builder_content themify_builder_content-588 themify_builder themify_builder_front\">\n\n\t\t\t\t<!-- module_row -->\n\t\t\t<div  data-gutter=\"gutter-default\" class=\"themify_builder_row themify_builder_588_row module_row module_row_0 module_row_588-0 clearfix gutter-default col_align_top wow fadeIn\" data-equal-column-height=\"\" data-column-alignment=\"col_align_top\">\n\n\t\t\n\t\t\t\t\n\t\t\t\t<div class=\"row_inner_wrapper\">\n\t\t\t\t\t<div class=\"row_inner\">\n\n\t\t\t\t\t\t\n\t\t\t\t\t\t\n\t\t\t\t\t\t\t\n\t\t<div  class=\"col-full first tb-column  tb_588_column module_column_0 module_column_588-0-0 module_column\" >\n\n\t\t\t\n\t\t\t\n\t\t\t<div class=\"tb-column-inner\">\n\n\t\t\t\t\n\t\t\t\t\n\t\t\t\t\t\n<!-- module text -->\n<div id=\"text-588-0-0-1\" class=\"module module-text text-588-0-0-1    hide-mobile\">\n\t\n\t\n\t<div style=\"text-align: center;\"><\/div>\n\t<\/div>\n<!-- \/module text -->\n\n<!-- module text -->\n<div id=\"text-588-0-0-2\" class=\"module module-text text-588-0-0-2   wow fadeIn\">\n\t\n\t\n\t<p><strong>UROVIX \u2013\u00a0<\/strong>Suplement diety \u2013\u00a0Dla zdrowia dr\u00f3g moczowych.<\/p><p>30 kapsu\u0142ek. Masa netto 13,86 g .<\/p><p><strong>UROVIX<\/strong>\u00a0zawiera ekstrakty<em>\u00a0<\/em>bor\u00f3wki brusznicy (<em>Vaccinum vitis ideae Folium)<\/em>, ziela nasturcji wi\u0119kszej (<em>Tropaeolum maius Herba<\/em>)\u00a0<em>\u00a0i\u00a0<\/em>\u00a0mannoz\u0119.<\/p><p>Bor\u00f3wka brusznica stanowi wsparcie dla prawid\u0142owej pracy p\u0119cherza moczowego oraz utrzymania zdrowia dolnych dr\u00f3g moczowych. Jest korzystna w niepowik\u0142anych infekcjach p\u0119cherza moczowego, gdy przyjmowanie antybiotyk\u00f3w nie jest konieczne.<\/p><p>Przeci\u0119tna zawarto\u015b\u0107 sk\u0142adnik\u00f3w wykazuj\u0105cych efekt fizjologiczny w dziennej porcji produktu (trzy kapsu\u0142ki):<\/p><p>\u2013 ekstrakt z li\u015bci bor\u00f3wki brusznicy: \u00a0\u00a0300 mg \u2013 \u2014 % RDA \u2013 trzy kapsu\u0142ki,<\/p><p>\u00a0\u00a0\u00a0\u00a0\u00a0\u00a0\u00a0\u00a0\u00a0\u00a0\u00a0\u00a0\u00a0\u00a0\u00a0\u00a0\u00a0\u00a0\u00a0\u00a0\u00a0\u00a0\u00a0\u00a0\u00a0\u00a0\u00a0\u00a0\u00a0\u00a0\u00a0\u00a0\u00a0\u00a0\u00a0\u00a0\u00a0\u00a0\u00a0\u00a0\u00a0\u00a0\u00a0\u00a0\u00a0\u00a0\u00a0\u00a0\u00a0\u00a0\u00a0\u00a0\u00a0\u00a0\u00a0\u00a0\u00a0\u00a0\u00a0\u00a0 100 mg \u2013 \u2014 % RDA \u2013 jedna kapsu\u0142ka;<\/p><p>\u2013 ekstrakt z ziela nasturcji wi\u0119kszej: \u00a0\u00a0300 mg \u2013 \u2014 % RDA \u2013 trzy kapsu\u0142ki,<\/p><p>\u00a0\u00a0\u00a0\u00a0\u00a0\u00a0\u00a0\u00a0\u00a0\u00a0\u00a0\u00a0\u00a0\u00a0\u00a0\u00a0\u00a0\u00a0\u00a0\u00a0\u00a0\u00a0\u00a0\u00a0\u00a0\u00a0\u00a0\u00a0\u00a0\u00a0\u00a0\u00a0\u00a0\u00a0\u00a0\u00a0\u00a0\u00a0\u00a0\u00a0\u00a0\u00a0\u00a0\u00a0\u00a0\u00a0\u00a0\u00a0\u00a0\u00a0\u00a0\u00a0\u00a0\u00a0\u00a0\u00a0\u00a0\u00a0\u00a0\u00a0 100 mg \u2013 \u2014 % RDA \u2013 jedna kapsu\u0142ka;<\/p><p>\u2013 mannoza: \u00a0 \u00a0 \u00a0 \u00a0 \u00a0 \u00a0 \u00a0 \u00a0 \u00a0 \u00a0 \u00a0 \u00a0 \u00a0 \u00a0 \u00a0 \u00a0 \u00a0 \u00a0 \u00a0300 mg \u2013 \u2014 % RDA \u2013 trzy kapsu\u0142ki,<\/p><p>\u00a0\u00a0\u00a0\u00a0\u00a0\u00a0\u00a0\u00a0\u00a0\u00a0\u00a0\u00a0\u00a0\u00a0\u00a0\u00a0\u00a0\u00a0\u00a0\u00a0\u00a0\u00a0\u00a0\u00a0\u00a0\u00a0\u00a0\u00a0\u00a0\u00a0\u00a0\u00a0\u00a0\u00a0\u00a0\u00a0\u00a0\u00a0\u00a0\u00a0\u00a0\u00a0 \u00a0\u00a0\u00a0\u00a0\u00a0\u00a0\u00a0\u00a0\u00a0\u00a0\u00a0\u00a0\u00a0\u00a0\u00a0\u00a0\u00a0\u00a0100 mg \u2013 \u2014 % RDA \u2013 jedna kapsu\u0142ka.<\/p><p>(RDA \u2013 zalecane dzienne spo\u017cycie.)<\/p><p><strong>Sk\u0142ad<\/strong>: ekstrakt z li\u015bci bor\u00f3wki brusznicy (25:1), ekstrakt z ziela nasturcji wi\u0119kszej (10:1), D-mannoza, celuloza mikrokrystaliczna (no\u015bnik), stearynian magnezu (substancja przeciwzbrylaj\u0105ca), karboksymetylopropyloceluloza (substancja glazuruj\u0105ca).<\/p><p><strong>Zalecane spo\u017cycie<\/strong>: jedn\u0105 kapsu\u0142k\u0119 trzy razy dziennie po posi\u0142ku, popija\u0107 wod\u0105. Nie nale\u017cy przekracza\u0107 zalecanej dziennej porcji.<\/p><p><strong>Uwaga<\/strong>: Produkt przeznaczony dla doros\u0142ych. Spo\u017cywanie produktu jest niewskazane<br \/>w okresie ci\u0105\u017cy i karmienia. Suplement diety nie mo\u017ce by\u0107 stosowany jako substytut zr\u00f3\u017cnicowanej \u00a0i zbilansowanej diety oraz nie zast\u0105pi zdrowego trybu \u017cycia. Przechowywa\u0107\u00a0w suchym miejscu w spos\u00f3b niedost\u0119pny dla ma\u0142ych dzieci. Osoby kt\u00f3re spo\u017cywaj\u0105\u00a0m\u0105cznic\u0119 d\u0142ugotrwale, po okresie jednego miesi\u0105ca powinny zrobi\u0107 dwutygodniodniow\u0105 przerw\u0119 w przyjmowaniu produktu.<\/p>\n\t<\/div>\n<!-- \/module text -->\n\n\t\t\t\t\n\t\t\t<\/div><!-- \/.tb-column-inner -->\n\t\t\t\t\t<\/div>\n\t\t<!-- \/.tb-column -->\n\t\t\n\t\t\n\t\t\t\t\t\t\t\t\n\t\t\t\t\t\t\t\t\n\t\t\t\t\t\t\t\n\t\t\t\t\t\t<\/div>\n\t\t\t\t\t\t<!-- \/row_inner -->\n\t\t\t\t\t<\/div>\n\t\t\t\t\t<!-- \/row_inner_wrapper -->\n\t\t\t\t<\/div>\n\t\t\t\t<!-- \/module_row -->\n\t\t\t\t\t<!-- module_row -->\n\t\t\t<div  data-gutter=\"gutter-default\" class=\"themify_builder_row themify_builder_588_row module_row module_row_1 module_row_588-1 clearfix gutter-default col_align_middle\" data-equal-column-height=\"\" data-column-alignment=\"col_align_middle\">\n\n\t\t\n\t\t\t\t\n\t\t\t\t<div class=\"row_inner_wrapper\">\n\t\t\t\t\t<div class=\"row_inner\">\n\n\t\t\t\t\t\t\n\t\t\t\t\t\t\n\t\t\t\t\t\t\t\n\t\t<div  class=\"col3-1 first tb-column empty-column tb_588_column module_column_0 module_column_588-1-0 module_column\" >\n\n\t\t\t\n\t\t\t\n\t\t\t<div class=\"tb-column-inner\">\n\n\t\t\t\t\n\t\t\t\t\n\t\t\t\t\t&nbsp;\n\t\t\t\t\n\t\t\t<\/div><!-- \/.tb-column-inner -->\n\t\t\t\t\t<\/div>\n\t\t<!-- \/.tb-column -->\n\t\t\n\t\t\n\t\t<div  class=\"col3-1 middle tb-column  tb_588_column module_column_1 module_column_588-1-1 module_column\" >\n\n\t\t\t\n\t\t\t\n\t\t\t<div class=\"tb-column-inner\">\n\n\t\t\t\t\n\t\t\t\t\n\t\t\t\t\t\n\t<!-- module image -->\n\t<div id=\"image-588-1-1-1\" class=\"module module-image image-588-1-1-1   image-center  \">\n\n\t\t\n\t\t\n\t\t<div class=\"image-wrap\">\n\t\t\t\t\t\t\t<img decoding=\"async\" src=\"http:\/\/farmvix.eu\/wp-content\/uploads\/2020\/03\/Urovix.png\" width=\"350\" alt=\"UROVIX\" \/>\t\t\t\n\t\t\t\t\t\t<\/div>\n\t\t\t<!-- \/image-wrap -->\n\t\t\n\t\t\n\t\t\n\t\t<\/div>\n\t<!-- \/module image -->\n\n\n\t\t\t\t\n\t\t\t<\/div><!-- \/.tb-column-inner -->\n\t\t\t\t\t<\/div>\n\t\t<!-- \/.tb-column -->\n\t\t\n\t\t\n\t\t<div  class=\"col3-1 last tb-column empty-column tb_588_column module_column_2 module_column_588-1-2 module_column\" >\n\n\t\t\t\n\t\t\t\n\t\t\t<div class=\"tb-column-inner\">\n\n\t\t\t\t\n\t\t\t\t\n\t\t\t\t\t&nbsp;\n\t\t\t\t\n\t\t\t<\/div><!-- \/.tb-column-inner -->\n\t\t\t\t\t<\/div>\n\t\t<!-- \/.tb-column -->\n\t\t\n\t\t\n\t\t\t\t\t\t\t\t\n\t\t\t\t\t\t\t\t\n\t\t\t\t\t\t\t\n\t\t\t\t\t\t<\/div>\n\t\t\t\t\t\t<!-- \/row_inner -->\n\t\t\t\t\t<\/div>\n\t\t\t\t\t<!-- \/row_inner_wrapper -->\n\t\t\t\t<\/div>\n\t\t\t\t<!-- \/module_row -->\n\t\t\t\t\t<!-- module_row -->\n\t\t\t<div  data-gutter=\"gutter-default\" class=\"themify_builder_row themify_builder_588_row module_row module_row_2 module_row_588-2 clearfix gutter-default col_align_top\" data-equal-column-height=\"\" data-column-alignment=\"col_align_top\">\n\n\t\t\n\t\t\t\t\n\t\t\t\t<div class=\"row_inner_wrapper\">\n\t\t\t\t\t<div class=\"row_inner\">\n\n\t\t\t\t\t\t\n\t\t\t\t\t\t\n\t\t\t\t\t\t\t\n\t\t<div  class=\"col-full first tb-column  tb_588_column module_column_0 module_column_588-2-0 module_column\" >\n\n\t\t\t\n\t\t\t\n\t\t\t<div class=\"tb-column-inner\">\n\n\t\t\t\t\n\t\t\t\t\n\t\t\t\t\t\n\n    <!-- module menu -->\n    <div id=\"menu-588-2-0-1\" class=\"module module-menu menu-588-2-0-1  \">\n        \n        <div class=\"menu-oferta-container\"><ul id=\"menu-oferta\" class=\"ui nav fullwidth transparent  \"><li id=\"menu-item-238\" class=\"menu-item menu-item-type-post_type menu-item-object-page menu-item-home menu-item-238\"><a href=\"https:\/\/farmvix.eu\/\"><i class=\"fa fa-desktop\"><\/i> STRONA G\u0141\u00d3WNA<\/a><\/li>\n<li id=\"menu-item-655\" class=\"menu-item menu-item-type-post_type menu-item-object-page menu-item-655\"><a href=\"https:\/\/farmvix.eu\/?page_id=649\"><i class=\"fa fa-chevron-circle-right\"><\/i> MA\u015aCI<\/a><\/li>\n<li id=\"menu-item-906\" class=\"menu-item menu-item-type-post_type menu-item-object-page menu-item-906\"><a href=\"https:\/\/farmvix.eu\/?page_id=902\"><i class=\"fa fa-chevron-circle-right\"><\/i> \u017bELE<\/a><\/li>\n<li id=\"menu-item-236\" class=\"menu-item menu-item-type-post_type menu-item-object-page menu-item-236\"><a href=\"https:\/\/farmvix.eu\/?page_id=181\"><i class=\"fa fa-chevron-circle-right\"><\/i> KREMY<\/a><\/li>\n<li id=\"menu-item-233\" class=\"menu-item menu-item-type-post_type menu-item-object-page menu-item-233\"><a href=\"https:\/\/farmvix.eu\/?page_id=191\"><i class=\"fa fa-chevron-circle-right\"><\/i> SUPLEMENTY DIETY<\/a><\/li>\n<li id=\"menu-item-1300\" class=\"menu-item menu-item-type-custom menu-item-object-custom menu-item-1300\"><a href=\"https:\/\/gaja24.pl\/pl\/producer\/FARM-VIX\/267\">SKLEP<\/a><\/li>\n<\/ul><\/div>    <\/div>\n    <!-- \/module menu -->\n\n\n\t\t\t\t\n\t\t\t<\/div><!-- \/.tb-column-inner -->\n\t\t\t\t\t<\/div>\n\t\t<!-- \/.tb-column -->\n\t\t\n\t\t\n\t\t\t\t\t\t\t\t\n\t\t\t\t\t\t\t\t\n\t\t\t\t\t\t\t\n\t\t\t\t\t\t<\/div>\n\t\t\t\t\t\t<!-- \/row_inner -->\n\t\t\t\t\t<\/div>\n\t\t\t\t\t<!-- \/row_inner_wrapper -->\n\t\t\t\t<\/div>\n\t\t\t\t<!-- \/module_row -->\n\t\t<\/div>\n<!-- \/themify_builder_content -->","protected":false},"excerpt":{"rendered":"\n","protected":false},"author":1,"featured_media":0,"parent":191,"menu_order":0,"comment_status":"closed","ping_status":"closed","template":"","meta":{"footnotes":""},"class_list":["post-588","page","type-page","status-publish","hentry","has-post-title","has-post-date","has-post-category","has-post-tag","has-post-comment","has-post-author"],"_links":{"self":[{"href":"https:\/\/farmvix.eu\/index.php?rest_route=\/wp\/v2\/pages\/588","targetHints":{"allow":["GET"]}}],"collection":[{"href":"https:\/\/farmvix.eu\/index.php?rest_route=\/wp\/v2\/pages"}],"about":[{"href":"https:\/\/farmvix.eu\/index.php?rest_route=\/wp\/v2\/types\/page"}],"author":[{"embeddable":true,"href":"https:\/\/farmvix.eu\/index.php?rest_route=\/wp\/v2\/users\/1"}],"replies":[{"embeddable":true,"href":"https:\/\/farmvix.eu\/index.php?rest_route=%2Fwp%2Fv2%2Fcomments&post=588"}],"version-history":[{"count":0,"href":"https:\/\/farmvix.eu\/index.php?rest_route=\/wp\/v2\/pages\/588\/revisions"}],"up":[{"embeddable":true,"href":"https:\/\/farmvix.eu\/index.php?rest_route=\/wp\/v2\/pages\/191"}],"wp:attachment":[{"href":"https:\/\/farmvix.eu\/index.php?rest_route=%2Fwp%2Fv2%2Fmedia&parent=588"}],"curies":[{"name":"wp","href":"https:\/\/api.w.org\/{rel}","templated":true}]}}