{"id":685,"date":"2018-01-03T17:39:13","date_gmt":"2018-01-03T16:39:13","guid":{"rendered":"http:\/\/farmvix.eu\/?page_id=685"},"modified":"2025-08-18T16:32:33","modified_gmt":"2025-08-18T14:32:33","slug":"suplementy-3","status":"publish","type":"page","link":"https:\/\/farmvix.eu\/?page_id=685","title":{"rendered":"NOWO\u015aCI"},"content":{"rendered":"<div id=\"themify_builder_content-685\" data-postid=\"685\" class=\"themify_builder_content themify_builder_content-685 themify_builder themify_builder_front\">\n\n\t\t\t\t<!-- module_row -->\n\t\t\t<div  data-gutter=\"gutter-default\" class=\"themify_builder_row themify_builder_685_row module_row module_row_0 module_row_685-0 clearfix gutter-default col_align_top wow fadeIn\" data-equal-column-height=\"\" data-column-alignment=\"col_align_top\">\n\n\t\t\n\t\t\t\t\n\t\t\t\t<div class=\"row_inner_wrapper\">\n\t\t\t\t\t<div class=\"row_inner\">\n\n\t\t\t\t\t\t\n\t\t\t\t\t\t\n\t\t\t\t\t\t\t\n\t\t<div  class=\"col-full first tb-column  tb_685_column module_column_0 module_column_685-0-0 module_column\" >\n\n\t\t\t\n\t\t\t\n\t\t\t<div class=\"tb-column-inner\">\n\n\t\t\t\t\n\t\t\t\t\n\t\t\t\t\t\n<!-- module text -->\n<div id=\"text-685-0-0-1\" class=\"module module-text text-685-0-0-1    hide-mobile\">\n\t\n\t\n\t<div style=\"text-align: center;\"><\/div>\n\t<\/div>\n<!-- \/module text -->\n<div class=\"themify_builder_sub_row clearfix gutter-default   sub_row_0-0-2\"  >\n\t\t\n\t\t<div  class=\"col3-1 first sub_column sub_column_0-0-2-0 sub_column_post_685\" >\n\t\t\n\t\t\n\t\t\t\t\t\n\t\t\t\t\t<\/div><!-- \/sub_column --><div  class=\"col3-1 sub_column sub_column_0-0-2-1 sub_column_post_685\" >\n\t\t\n\t\t\n\t\t\t\t\t\n<!-- module text -->\n<div id=\"plain-text-685-sub_row_0-0-2-1-0\" class=\"module module-plain-text plain-text-685-sub_row_0-0-2-1-0  \">\n\n\t\n\tNOWO\u015aCI\n\t<\/div>\n<!-- \/module text -->\n\n\t\t\t\t\t<\/div><!-- \/sub_column --><div  class=\"col3-1 last sub_column sub_column_0-0-2-2 sub_column_post_685\" >\n\t\t\n\t\t\n\t\t\t\t\t\n\t\t\t\t\t<\/div><!-- \/sub_column --><\/div><!-- \/themify_builder_sub_row --><div class=\"themify_builder_sub_row clearfix gutter-default  col_align_middle sub_row_0-0-3\"  >\n\t\t\n\t\t<div  class=\"col4-1 first sub_column sub_column_0-0-3-0 sub_column_post_685\" >\n\t\t\n\t\t\n\t\t\t\t\t\n\t<!-- module image -->\n\t<div id=\"image-685-sub_row_0-0-3-0-0\" class=\"module module-image image-685-sub_row_0-0-3-0-0   image-center  \">\n\n\t\t\n\t\t\n\t\t<div class=\"image-wrap\">\n\t\t\t\t\t\t\t<a href=\"https:\/\/farmvix.eu\/?page_id=3603\"  >\n\t\t\t\t\t\t\t\t\t\t<img decoding=\"async\" src=\"https:\/\/farmvix.eu\/wp-content\/uploads\/2025\/08\/uczep-150-179x170.png\" height=\"170\" class=\" wp-image-3598\" title=\"MA\u015a\u0106 Z UCZEPU TR\u00d3JLISTKOWEGO 150ml, 50ml\" alt=\"MA\u015a\u0106 Z UCZEPU TR\u00d3JLISTKOWEGO 150ml, 50ml\" srcset=\"https:\/\/farmvix.eu\/wp-content\/uploads\/2025\/08\/uczep-150-179x170.png 179w, https:\/\/farmvix.eu\/wp-content\/uploads\/2025\/08\/uczep-150-300x284.png 300w, https:\/\/farmvix.eu\/wp-content\/uploads\/2025\/08\/uczep-150-200x190.png 200w, https:\/\/farmvix.eu\/wp-content\/uploads\/2025\/08\/uczep-150-190x180.png 190w, https:\/\/farmvix.eu\/wp-content\/uploads\/2025\/08\/uczep-150-211x200.png 211w, https:\/\/farmvix.eu\/wp-content\/uploads\/2025\/08\/uczep-150.png 648w\" sizes=\"(max-width: 179px) 100vw, 179px\" \/>\t\t\t\t<\/a>\n\t\t\t\n\t\t\t\t\t\t<\/div>\n\t\t\t<!-- \/image-wrap -->\n\t\t\n\t\t\t\t\t<div class=\"image-content\">\n\t\t\t\t\t\t\t\t\t<h3 class=\"image-title\">\n\t\t\t\t\t\t\t\t\t\t\t\t\t<a href=\"https:\/\/farmvix.eu\/?page_id=3603\"  >\n\t\t\t\t\t\t\t\t   MA\u015a\u0106 Z UCZEPU TR\u00d3JLISTKOWEGO 150ml, 50ml\t\t\t\t\t\t\t<\/a>\n\t\t\t\t\t\t\t\t\t\t\t<\/h3>\n\t\t\t\t\n\t\t\t\t\t\t\t<\/div>\n\t\t\t<!-- \/image-content -->\n\t\t\n\t\t\n\t\t<\/div>\n\t<!-- \/module image -->\n\n\n\t<!-- module image -->\n\t<div id=\"image-685-sub_row_0-0-3-0-1\" class=\"module module-image image-685-sub_row_0-0-3-0-1   image-center  \">\n\n\t\t\n\t\t\n\t\t<div class=\"image-wrap\">\n\t\t\t\t\t\t\t<a href=\"https:\/\/farmvix.eu\/?page_id=3253\"  >\n\t\t\t\t\t\t\t\t\t\t<img decoding=\"async\" src=\"https:\/\/farmvix.eu\/wp-content\/uploads\/2025\/05\/masc-glistnik-150-200x184.png\" width=\"200\" class=\" wp-image-3280\" title=\"MA\u015a\u0106 Z GLISTNIKA 150ml, 50ml\" alt=\"MA\u015a\u0106 Z GLISTNIKA 150ml, 50ml\" srcset=\"https:\/\/farmvix.eu\/wp-content\/uploads\/2025\/05\/masc-glistnik-150-200x184.png 200w, https:\/\/farmvix.eu\/wp-content\/uploads\/2025\/05\/masc-glistnik-150-300x277.png 300w, https:\/\/farmvix.eu\/wp-content\/uploads\/2025\/05\/masc-glistnik-150-270x249.png 270w, https:\/\/farmvix.eu\/wp-content\/uploads\/2025\/05\/masc-glistnik-150-190x175.png 190w, https:\/\/farmvix.eu\/wp-content\/uploads\/2025\/05\/masc-glistnik-150.png 495w\" sizes=\"(max-width: 200px) 100vw, 200px\" \/>\t\t\t\t<\/a>\n\t\t\t\n\t\t\t\t\t\t<\/div>\n\t\t\t<!-- \/image-wrap -->\n\t\t\n\t\t\t\t\t<div class=\"image-content\">\n\t\t\t\t\t\t\t\t\t<h3 class=\"image-title\">\n\t\t\t\t\t\t\t\t\t\t\t\t\t<a href=\"https:\/\/farmvix.eu\/?page_id=3253\"  >\n\t\t\t\t\t\t\t\t   MA\u015a\u0106 Z GLISTNIKA 150ml, 50ml\t\t\t\t\t\t\t<\/a>\n\t\t\t\t\t\t\t\t\t\t\t<\/h3>\n\t\t\t\t\n\t\t\t\t\t\t\t<\/div>\n\t\t\t<!-- \/image-content -->\n\t\t\n\t\t\n\t\t<\/div>\n\t<!-- \/module image -->\n\n\n\t\t\t\t\t<\/div><!-- \/sub_column --><div  class=\"col4-1 sub_column sub_column_0-0-3-1 sub_column_post_685\" >\n\t\t\n\t\t\n\t\t\t\t\t\n\t<!-- module image -->\n\t<div id=\"image-685-sub_row_0-0-3-1-0\" class=\"module module-image image-685-sub_row_0-0-3-1-0   image-center  \">\n\n\t\t\n\t\t\n\t\t<div class=\"image-wrap\">\n\t\t\t\t\t\t\t<a href=\"https:\/\/farmvix.eu\/?page_id=3490\"  >\n\t\t\t\t\t\t\t\t\t\t<img decoding=\"async\" src=\"https:\/\/farmvix.eu\/wp-content\/uploads\/2025\/06\/Masc-zyworodka-glistnik2-1-190x193.png\" width=\"190\" class=\" wp-image-3487\" title=\"MA\u015a\u0106 Z \u017bYWOR\u00d3DKI I GLISTNIKA 150ml\" alt=\"MA\u015a\u0106 Z \u017bYWOR\u00d3DKI I GLISTNIKA 150ml\" srcset=\"https:\/\/farmvix.eu\/wp-content\/uploads\/2025\/06\/Masc-zyworodka-glistnik2-1-190x193.png 190w, https:\/\/farmvix.eu\/wp-content\/uploads\/2025\/06\/Masc-zyworodka-glistnik2-1-294x300.png 294w, https:\/\/farmvix.eu\/wp-content\/uploads\/2025\/06\/Masc-zyworodka-glistnik2-1-176x180.png 176w, https:\/\/farmvix.eu\/wp-content\/uploads\/2025\/06\/Masc-zyworodka-glistnik2-1-196x200.png 196w, https:\/\/farmvix.eu\/wp-content\/uploads\/2025\/06\/Masc-zyworodka-glistnik2-1.png 467w\" sizes=\"(max-width: 190px) 100vw, 190px\" \/>\t\t\t\t<\/a>\n\t\t\t\n\t\t\t\t\t\t<\/div>\n\t\t\t<!-- \/image-wrap -->\n\t\t\n\t\t\t\t\t<div class=\"image-content\">\n\t\t\t\t\t\t\t\t\t<h3 class=\"image-title\">\n\t\t\t\t\t\t\t\t\t\t\t\t\t<a href=\"https:\/\/farmvix.eu\/?page_id=3490\"  >\n\t\t\t\t\t\t\t\t   MA\u015a\u0106 Z \u017bYWOR\u00d3DKI I GLISTNIKA 150ml\t\t\t\t\t\t\t<\/a>\n\t\t\t\t\t\t\t\t\t\t\t<\/h3>\n\t\t\t\t\n\t\t\t\t\t\t\t<\/div>\n\t\t\t<!-- \/image-content -->\n\t\t\n\t\t\n\t\t<\/div>\n\t<!-- \/module image -->\n\n\n\t<!-- module image -->\n\t<div id=\"image-685-sub_row_0-0-3-1-1\" class=\"module module-image image-685-sub_row_0-0-3-1-1   image-center  \">\n\n\t\t\n\t\t\n\t\t<div class=\"image-wrap\">\n\t\t\t\t\t\t\t<a href=\"https:\/\/farmvix.eu\/?page_id=3286\"  >\n\t\t\t\t\t\t\t\t\t\t<img decoding=\"async\" src=\"https:\/\/farmvix.eu\/wp-content\/uploads\/2025\/05\/masc-wrotycz-150-e1747384399380-208x200.png\" height=\"200\" class=\" wp-image-3283\" title=\"MA\u015a\u0106 Z WROTYCZU 150ml, 50ml\" alt=\"MA\u015a\u0106 Z WROTYCZU 150ml, 50ml\" srcset=\"https:\/\/farmvix.eu\/wp-content\/uploads\/2025\/05\/masc-wrotycz-150-e1747384399380-208x200.png 208w, https:\/\/farmvix.eu\/wp-content\/uploads\/2025\/05\/masc-wrotycz-150-e1747384399380-187x180.png 187w, https:\/\/farmvix.eu\/wp-content\/uploads\/2025\/05\/masc-wrotycz-150-e1747384399380-203x195.png 203w, https:\/\/farmvix.eu\/wp-content\/uploads\/2025\/05\/masc-wrotycz-150-e1747384399380-197x190.png 197w, https:\/\/farmvix.eu\/wp-content\/uploads\/2025\/05\/masc-wrotycz-150-e1747384399380-160x153.png 160w, https:\/\/farmvix.eu\/wp-content\/uploads\/2025\/05\/masc-wrotycz-150-e1747384399380.png 250w\" sizes=\"(max-width: 208px) 100vw, 208px\" \/>\t\t\t\t<\/a>\n\t\t\t\n\t\t\t\t\t\t<\/div>\n\t\t\t<!-- \/image-wrap -->\n\t\t\n\t\t\t\t\t<div class=\"image-content\">\n\t\t\t\t\t\t\t\t\t<h3 class=\"image-title\">\n\t\t\t\t\t\t\t\t\t\t\t\t\t<a href=\"https:\/\/farmvix.eu\/?page_id=3286\"  >\n\t\t\t\t\t\t\t\t   MA\u015a\u0106 Z WROTYCZU 150ml, 50ml\t\t\t\t\t\t\t<\/a>\n\t\t\t\t\t\t\t\t\t\t\t<\/h3>\n\t\t\t\t\n\t\t\t\t\t\t\t<\/div>\n\t\t\t<!-- \/image-content -->\n\t\t\n\t\t\n\t\t<\/div>\n\t<!-- \/module image -->\n\n\n\t\t\t\t\t<\/div><!-- \/sub_column --><div  class=\"col4-1 sub_column sub_column_0-0-3-2 sub_column_post_685\" >\n\t\t\n\t\t\n\t\t\t\t\t\n\t<!-- module image -->\n\t<div id=\"image-685-sub_row_0-0-3-2-0\" class=\"module module-image image-685-sub_row_0-0-3-2-0   image-center  \">\n\n\t\t\n\t\t\n\t\t<div class=\"image-wrap\">\n\t\t\t\t\t\t\t<a href=\"https:\/\/farmvix.eu\/?page_id=3324\"  >\n\t\t\t\t\t\t\t\t\t\t<img decoding=\"async\" src=\"https:\/\/farmvix.eu\/wp-content\/uploads\/2025\/05\/zel-glistnik150-1-205x190.png\" height=\"190\" class=\" wp-image-3320\" title=\"\u017bEL Z GLISTNIKA 150ml\" alt=\"\u017bEL Z GLISTNIKA 150ml\" srcset=\"https:\/\/farmvix.eu\/wp-content\/uploads\/2025\/05\/zel-glistnik150-1-205x190.png 205w, https:\/\/farmvix.eu\/wp-content\/uploads\/2025\/05\/zel-glistnik150-1-300x278.png 300w, https:\/\/farmvix.eu\/wp-content\/uploads\/2025\/05\/zel-glistnik150-1-216x200.png 216w, https:\/\/farmvix.eu\/wp-content\/uploads\/2025\/05\/zel-glistnik150-1.png 535w\" sizes=\"(max-width: 205px) 100vw, 205px\" \/>\t\t\t\t<\/a>\n\t\t\t\n\t\t\t\t\t\t<\/div>\n\t\t\t<!-- \/image-wrap -->\n\t\t\n\t\t\t\t\t<div class=\"image-content\">\n\t\t\t\t\t\t\t\t\t<h3 class=\"image-title\">\n\t\t\t\t\t\t\t\t\t\t\t\t\t<a href=\"https:\/\/farmvix.eu\/?page_id=3324\"  >\n\t\t\t\t\t\t\t\t   \u017bEL Z GLISTNIKA 150ml\t\t\t\t\t\t\t<\/a>\n\t\t\t\t\t\t\t\t\t\t\t<\/h3>\n\t\t\t\t\n\t\t\t\t\t\t\t<\/div>\n\t\t\t<!-- \/image-content -->\n\t\t\n\t\t\n\t\t<\/div>\n\t<!-- \/module image -->\n\n\n\t<!-- module image -->\n\t<div id=\"image-685-sub_row_0-0-3-2-1\" class=\"module module-image image-685-sub_row_0-0-3-2-1   image-center  \">\n\n\t\t\n\t\t\n\t\t<div class=\"image-wrap\">\n\t\t\t\t\t\t\t<a href=\"https:\/\/farmvix.eu\/?page_id=3304\"  >\n\t\t\t\t\t\t\t\t\t\t<img decoding=\"async\" src=\"https:\/\/farmvix.eu\/wp-content\/uploads\/2025\/05\/ZEL-WROTYCZ-e1747385261932-194x190.png\" height=\"190\" class=\" wp-image-3294\" title=\"\u017bEL Z WROTYCZU 150ml\" alt=\"\u017bEL Z WROTYCZU 150ml\" srcset=\"https:\/\/farmvix.eu\/wp-content\/uploads\/2025\/05\/ZEL-WROTYCZ-e1747385261932-194x190.png 194w, https:\/\/farmvix.eu\/wp-content\/uploads\/2025\/05\/ZEL-WROTYCZ-e1747385261932-190x185.png 190w, https:\/\/farmvix.eu\/wp-content\/uploads\/2025\/05\/ZEL-WROTYCZ-e1747385261932-204x200.png 204w, https:\/\/farmvix.eu\/wp-content\/uploads\/2025\/05\/ZEL-WROTYCZ-e1747385261932.png 247w\" sizes=\"(max-width: 194px) 100vw, 194px\" \/>\t\t\t\t<\/a>\n\t\t\t\n\t\t\t\t\t\t<\/div>\n\t\t\t<!-- \/image-wrap -->\n\t\t\n\t\t\t\t\t<div class=\"image-content\">\n\t\t\t\t\t\t\t\t\t<h3 class=\"image-title\">\n\t\t\t\t\t\t\t\t\t\t\t\t\t<a href=\"https:\/\/farmvix.eu\/?page_id=3304\"  >\n\t\t\t\t\t\t\t\t   \u017bEL Z WROTYCZU 150ml\t\t\t\t\t\t\t<\/a>\n\t\t\t\t\t\t\t\t\t\t\t<\/h3>\n\t\t\t\t\n\t\t\t\t\t\t\t<\/div>\n\t\t\t<!-- \/image-content -->\n\t\t\n\t\t\n\t\t<\/div>\n\t<!-- \/module image -->\n\n\n\t\t\t\t\t<\/div><!-- \/sub_column --><div  class=\"col4-1 last sub_column sub_column_0-0-3-3 sub_column_post_685\" >\n\t\t\n\t\t\n\t\t\t\t\t\n\t\t\t\t\t<\/div><!-- \/sub_column --><\/div><!-- \/themify_builder_sub_row -->\n\t\t\t\t\n\t\t\t<\/div><!-- \/.tb-column-inner -->\n\t\t\t\t\t<\/div>\n\t\t<!-- \/.tb-column -->\n\t\t\n\t\t\n\t\t\t\t\t\t\t\t\n\t\t\t\t\t\t\t\t\n\t\t\t\t\t\t\t\n\t\t\t\t\t\t<\/div>\n\t\t\t\t\t\t<!-- \/row_inner -->\n\t\t\t\t\t<\/div>\n\t\t\t\t\t<!-- \/row_inner_wrapper -->\n\t\t\t\t<\/div>\n\t\t\t\t<!-- \/module_row -->\n\t\t\t\t\t<!-- module_row -->\n\t\t\t<div  data-gutter=\"gutter-default\" class=\"themify_builder_row themify_builder_685_row module_row module_row_1 module_row_685-1 clearfix gutter-default col_align_top\" data-equal-column-height=\"\" data-column-alignment=\"col_align_top\">\n\n\t\t\n\t\t\t\t\n\t\t\t\t<div class=\"row_inner_wrapper\">\n\t\t\t\t\t<div class=\"row_inner\">\n\n\t\t\t\t\t\t\n\t\t\t\t\t\t\n\t\t\t\t\t\t\t\n\t\t<div  class=\"col-full first tb-column  tb_685_column module_column_0 module_column_685-1-0 module_column\" >\n\n\t\t\t\n\t\t\t\n\t\t\t<div class=\"tb-column-inner\">\n\n\t\t\t\t\n\t\t\t\t\n\t\t\t\t\t\n\n    <!-- module menu -->\n    <div id=\"menu-685-1-0-1\" class=\"module module-menu menu-685-1-0-1  wow flash\">\n        \n        <div class=\"menu-oferta-container\"><ul id=\"menu-oferta\" class=\"ui nav fullwidth transparent  \"><li id=\"menu-item-238\" class=\"menu-item menu-item-type-post_type menu-item-object-page menu-item-home menu-item-238\"><a href=\"https:\/\/farmvix.eu\/\"><i class=\"fa fa-desktop\"><\/i> STRONA G\u0141\u00d3WNA<\/a><\/li>\n<li id=\"menu-item-655\" class=\"menu-item menu-item-type-post_type menu-item-object-page menu-item-655\"><a href=\"https:\/\/farmvix.eu\/?page_id=649\"><i class=\"fa fa-chevron-circle-right\"><\/i> MA\u015aCI<\/a><\/li>\n<li id=\"menu-item-906\" class=\"menu-item menu-item-type-post_type menu-item-object-page menu-item-906\"><a href=\"https:\/\/farmvix.eu\/?page_id=902\"><i class=\"fa fa-chevron-circle-right\"><\/i> \u017bELE<\/a><\/li>\n<li id=\"menu-item-236\" class=\"menu-item menu-item-type-post_type menu-item-object-page menu-item-236\"><a href=\"https:\/\/farmvix.eu\/?page_id=181\"><i class=\"fa fa-chevron-circle-right\"><\/i> KREMY<\/a><\/li>\n<li id=\"menu-item-233\" class=\"menu-item menu-item-type-post_type menu-item-object-page menu-item-233\"><a href=\"https:\/\/farmvix.eu\/?page_id=191\"><i class=\"fa fa-chevron-circle-right\"><\/i> SUPLEMENTY DIETY<\/a><\/li>\n<li id=\"menu-item-1300\" class=\"menu-item menu-item-type-custom menu-item-object-custom menu-item-1300\"><a href=\"https:\/\/gaja24.pl\/pl\/producer\/FARM-VIX\/267\">SKLEP<\/a><\/li>\n<\/ul><\/div>    <\/div>\n    <!-- \/module menu -->\n\n\n\t\t\t\t\n\t\t\t<\/div><!-- \/.tb-column-inner -->\n\t\t\t\t\t<\/div>\n\t\t<!-- \/.tb-column -->\n\t\t\n\t\t\n\t\t\t\t\t\t\t\t\n\t\t\t\t\t\t\t\t\n\t\t\t\t\t\t\t\n\t\t\t\t\t\t<\/div>\n\t\t\t\t\t\t<!-- \/row_inner -->\n\t\t\t\t\t<\/div>\n\t\t\t\t\t<!-- \/row_inner_wrapper -->\n\t\t\t\t<\/div>\n\t\t\t\t<!-- \/module_row -->\n\t\t<\/div>\n<!-- \/themify_builder_content -->","protected":false},"excerpt":{"rendered":"\n","protected":false},"author":1,"featured_media":0,"parent":0,"menu_order":0,"comment_status":"closed","ping_status":"closed","template":"","meta":{"footnotes":""},"class_list":["post-685","page","type-page","status-publish","hentry","has-post-title","has-post-date","has-post-category","has-post-tag","has-post-comment","has-post-author"],"_links":{"self":[{"href":"https:\/\/farmvix.eu\/index.php?rest_route=\/wp\/v2\/pages\/685","targetHints":{"allow":["GET"]}}],"collection":[{"href":"https:\/\/farmvix.eu\/index.php?rest_route=\/wp\/v2\/pages"}],"about":[{"href":"https:\/\/farmvix.eu\/index.php?rest_route=\/wp\/v2\/types\/page"}],"author":[{"embeddable":true,"href":"https:\/\/farmvix.eu\/index.php?rest_route=\/wp\/v2\/users\/1"}],"replies":[{"embeddable":true,"href":"https:\/\/farmvix.eu\/index.php?rest_route=%2Fwp%2Fv2%2Fcomments&post=685"}],"version-history":[{"count":136,"href":"https:\/\/farmvix.eu\/index.php?rest_route=\/wp\/v2\/pages\/685\/revisions"}],"predecessor-version":[{"id":3611,"href":"https:\/\/farmvix.eu\/index.php?rest_route=\/wp\/v2\/pages\/685\/revisions\/3611"}],"wp:attachment":[{"href":"https:\/\/farmvix.eu\/index.php?rest_route=%2Fwp%2Fv2%2Fmedia&parent=685"}],"curies":[{"name":"wp","href":"https:\/\/api.w.org\/{rel}","templated":true}]}}